{"id":6982,"date":"2022-01-18T13:38:20","date_gmt":"2022-01-18T13:38:20","guid":{"rendered":"http:\/\/lipro.razvija.se\/product\/delovna-mesta\/"},"modified":"2022-10-19T05:56:02","modified_gmt":"2022-10-19T05:56:02","slug":"arbeitsplaetze","status":"publish","type":"product","link":"https:\/\/lipro.pro\/de\/product\/arbeitsplaetze\/","title":{"rendered":"Arbeitspl\u00e4tze"},"content":{"rendered":"<p>Die Arbeitspl\u00e4tze werden an die Kundenanforderungen angepasst.<\/p>\n<p>Die Arbeitspl\u00e4tze sind in der Regel mit Pult, Lampe und Schalter ausgestattet.<\/p>\n<p>Zus\u00e4tzlich besteht die M\u00f6glichkeit, die Arbeitspl\u00e4tze noch mit Regalen, Schubladen, verschiedenen F\u00fcllstoffen u. a. zu erg\u00e4nzen.<\/p>\n","protected":false},"excerpt":{"rendered":"<p>Die Arbeitspl\u00e4tze werden an die Kundenanforderungen angepasst.<\/p>\n<p>Die Arbeitspl\u00e4tze sind in der Regel mit Pult, Lampe und Schalter ausgestattet.<\/p>\n<p>Zus\u00e4tzlich besteht die M\u00f6glichkeit, die Arbeitspl\u00e4tze noch mit Regalen, Schubladen, verschiedenen F\u00fcllstoffen u. a. zu erg\u00e4nzen.<\/p>\n","protected":false},"featured_media":9401,"parent":0,"template":"","product_category":[105],"class_list":["post-6982","product","type-product","status-publish","has-post-thumbnail","hentry","product_category-modulare-systeme"],"acf":[],"_links":{"self":[{"href":"https:\/\/lipro.pro\/de\/wp-json\/wp\/v2\/product\/6982","targetHints":{"allow":["GET"]}}],"collection":[{"href":"https:\/\/lipro.pro\/de\/wp-json\/wp\/v2\/product"}],"about":[{"href":"https:\/\/lipro.pro\/de\/wp-json\/wp\/v2\/types\/product"}],"wp:featuredmedia":[{"embeddable":true,"href":"https:\/\/lipro.pro\/de\/wp-json\/wp\/v2\/media\/9401"}],"wp:attachment":[{"href":"https:\/\/lipro.pro\/de\/wp-json\/wp\/v2\/media?parent=6982"}],"wp:term":[{"taxonomy":"product_category","embeddable":true,"href":"https:\/\/lipro.pro\/de\/wp-json\/wp\/v2\/product_category?post=6982"}],"curies":[{"name":"wp","href":"https:\/\/api.w.org\/{rel}","templated":true}]}}