{"id":6925,"date":"2022-08-05T06:49:49","date_gmt":"2022-08-05T06:49:49","guid":{"rendered":"http:\/\/lipro.razvija.se\/?post_type=product&#038;p=6925"},"modified":"2022-08-29T07:22:50","modified_gmt":"2022-08-29T07:22:50","slug":"psb%e2%88%9290-3","status":"publish","type":"product","link":"https:\/\/lipro.pro\/de\/product\/psb%e2%88%9290-3\/","title":{"rendered":"PSB\u221290"},"content":{"rendered":"<p>Das Palettiersystem PSB-90 wird h\u00e4ufig in trockenen und sauberen Umgebungen eingesetzt, wo strengere ISO-Normen f\u00fcr Reinr\u00e4ume gefordert werden.<\/p>\n<p>Der PSB-90 eignet sich f\u00fcr kleinere und leichtere Lasten und kann mit einem Antriebsmodul ein Gewicht von insgesamt bis zu 350 kg oder 1 kg\/cm transportieren.<\/p>\n","protected":false},"excerpt":{"rendered":"<p>Das Palettiersystem PSB-90 wird h\u00e4ufig in trockenen und sauberen Umgebungen eingesetzt, wo strengere ISO-Normen f\u00fcr Reinr\u00e4ume gefordert werden.<\/p>\n<p>Der PSB-90 eignet sich f\u00fcr kleinere und leichtere Lasten und kann mit einem Antriebsmodul ein Gewicht von insgesamt bis zu 350 kg oder 1 kg\/cm transportieren.<\/p>\n","protected":false},"featured_media":5729,"parent":0,"template":"","product_category":[],"class_list":["post-6925","product","type-product","status-publish","has-post-thumbnail","hentry"],"acf":[],"_links":{"self":[{"href":"https:\/\/lipro.pro\/de\/wp-json\/wp\/v2\/product\/6925","targetHints":{"allow":["GET"]}}],"collection":[{"href":"https:\/\/lipro.pro\/de\/wp-json\/wp\/v2\/product"}],"about":[{"href":"https:\/\/lipro.pro\/de\/wp-json\/wp\/v2\/types\/product"}],"wp:featuredmedia":[{"embeddable":true,"href":"https:\/\/lipro.pro\/de\/wp-json\/wp\/v2\/media\/5729"}],"wp:attachment":[{"href":"https:\/\/lipro.pro\/de\/wp-json\/wp\/v2\/media?parent=6925"}],"wp:term":[{"taxonomy":"product_category","embeddable":true,"href":"https:\/\/lipro.pro\/de\/wp-json\/wp\/v2\/product_category?post=6925"}],"curies":[{"name":"wp","href":"https:\/\/api.w.org\/{rel}","templated":true}]}}