{"id":6918,"date":"2022-05-18T07:23:31","date_gmt":"2022-05-18T07:23:31","guid":{"rendered":"http:\/\/lipro.razvija.se\/product\/psb%e2%88%9290\/"},"modified":"2024-11-08T10:10:06","modified_gmt":"2024-11-08T10:10:06","slug":"psb%e2%88%9290","status":"publish","type":"product","link":"https:\/\/lipro.pro\/de\/product\/psb%e2%88%9290\/","title":{"rendered":"PSB\u221290"},"content":{"rendered":"<p>Das Werkst\u00fccktr\u00e4gersystem PSB-90 wird h\u00e4ufig in trockenen und sauberen Umgebungen, in denen h\u00f6here ISO-Standards f\u00fcr \u201eReinr\u00e4ume (clean room)\u201c erforderlich sind, eingesetzt.<\/p>\n<p>PSB-90 ist f\u00fcr kleinere und leichtere Lasten geeignet und kann mit nur einem Antriebsmodul insgesamt bis zu 350 kg oder 1 kg\/cm transportieren.<\/p>\n","protected":false},"excerpt":{"rendered":"<p>Das Palettensystem PSB-90 wird h\u00e4ufig in trockenen und sauberen Umgebungen, in denen h\u00f6here ISO-Standards f\u00fcr \u201eReinr\u00e4ume (clean room)\u201c erforderlich sind, eingesetzt.<\/p>\n<p>PSB-90 ist f\u00fcr kleinere und leichtere Lasten geeignet und kann mit nur einem Antriebsmodul insgesamt bis zu 350 kg oder 1 kg\/cm transportieren.<\/p>\n","protected":false},"featured_media":9392,"parent":0,"template":"","product_category":[98],"class_list":["post-6918","product","type-product","status-publish","has-post-thumbnail","hentry","product_category-foerdersysteme"],"acf":[],"_links":{"self":[{"href":"https:\/\/lipro.pro\/de\/wp-json\/wp\/v2\/product\/6918","targetHints":{"allow":["GET"]}}],"collection":[{"href":"https:\/\/lipro.pro\/de\/wp-json\/wp\/v2\/product"}],"about":[{"href":"https:\/\/lipro.pro\/de\/wp-json\/wp\/v2\/types\/product"}],"wp:featuredmedia":[{"embeddable":true,"href":"https:\/\/lipro.pro\/de\/wp-json\/wp\/v2\/media\/9392"}],"wp:attachment":[{"href":"https:\/\/lipro.pro\/de\/wp-json\/wp\/v2\/media?parent=6918"}],"wp:term":[{"taxonomy":"product_category","embeddable":true,"href":"https:\/\/lipro.pro\/de\/wp-json\/wp\/v2\/product_category?post=6918"}],"curies":[{"name":"wp","href":"https:\/\/api.w.org\/{rel}","templated":true}]}}