{"id":6877,"date":"2022-05-18T09:35:14","date_gmt":"2022-05-18T09:35:14","guid":{"rendered":"http:\/\/lipro.razvija.se\/product\/psr-50-60\/"},"modified":"2026-01-20T08:54:04","modified_gmt":"2026-01-20T08:54:04","slug":"psr-50-60","status":"publish","type":"product","link":"https:\/\/lipro.pro\/de\/product\/psr-50-60\/","title":{"rendered":"PSR-50\/60"},"content":{"rendered":"<p>F\u00fcr den Transport von Sperrgut und palettierten G\u00fctern sowie von Verpackungen aus verschiedenen Materialien und Dimensionen werden in der Industrie verschiedene Ausf\u00fchrungen von Rollenbahnen eingesetzt: F\u00fcr die Rollenbahnen werden Rollen bzw.<\/p>\n<p>Walzen mit einem Durchmesser von 50 mm oder 60 mm verwendet. Die zul\u00e4ssige Belastung der Rollenbahnen betr\u00e4gt max. 500 kg\/m.<\/p>\n<p><em>* F\u00fcr spezielle Ausf\u00fchrungen der Rollstrecke wie z.\u00a0B. die Ausf\u00fchrung mit Rollenkurven etc., wenden Sie sich an unseren professionellen Servicedienst.<\/em><\/p>\n","protected":false},"excerpt":{"rendered":"<p>F\u00fcr den Transport von Sperrgut und palettierten G\u00fctern sowie von Verpackungen aus verschiedenen Materialien und Dimensionen werden in der Industrie verschiedene Ausf\u00fchrungen von Rollenbahnen eingesetzt: F\u00fcr die Rollenbahnen werden Rollen bzw.<\/p>\n<p>Walzen mit einem Durchmesser von 50 mm oder 60 mm verwendet. Die zul\u00e4ssige Belastung der Rollenbahnen betr\u00e4gt max. 500 kg\/m.<\/p>\n","protected":false},"featured_media":5789,"parent":0,"template":"","product_category":[98],"class_list":["post-6877","product","type-product","status-publish","has-post-thumbnail","hentry","product_category-foerdersysteme"],"acf":[],"_links":{"self":[{"href":"https:\/\/lipro.pro\/de\/wp-json\/wp\/v2\/product\/6877","targetHints":{"allow":["GET"]}}],"collection":[{"href":"https:\/\/lipro.pro\/de\/wp-json\/wp\/v2\/product"}],"about":[{"href":"https:\/\/lipro.pro\/de\/wp-json\/wp\/v2\/types\/product"}],"wp:featuredmedia":[{"embeddable":true,"href":"https:\/\/lipro.pro\/de\/wp-json\/wp\/v2\/media\/5789"}],"wp:attachment":[{"href":"https:\/\/lipro.pro\/de\/wp-json\/wp\/v2\/media?parent=6877"}],"wp:term":[{"taxonomy":"product_category","embeddable":true,"href":"https:\/\/lipro.pro\/de\/wp-json\/wp\/v2\/product_category?post=6877"}],"curies":[{"name":"wp","href":"https:\/\/api.w.org\/{rel}","templated":true}]}}