{"id":7615,"date":"2022-01-06T11:39:41","date_gmt":"2022-01-06T11:39:41","guid":{"rendered":"http:\/\/lipro.razvija.se\/kakovost\/"},"modified":"2024-03-19T11:14:01","modified_gmt":"2024-03-19T11:14:01","slug":"qualitaet","status":"publish","type":"page","link":"https:\/\/lipro.pro\/de\/qualitaet\/","title":{"rendered":"Qualit\u00e4t"},"content":{"rendered":"<p><section class=\"kc-elm kc-css-430500 kc_row\"><div class=\" container\"><div class=\"row\"><div class=\"kc-elm kc-css-116339 col-lg-12 column col-12\"><div class=\"kc-col-container\">\n<div class=\"kc-elm kc-css-488879 kc-title-wrap \">\n\n\t<h2 class=\"kc_title\">Qualit\u00e4t<\/h2>\n<\/div>\n<div class=\"kc-elm kc-css-946255 row\"><div class=\"kc-elm kc-css-69209 col-12 col-lg-8 column_inner\"><div class=\"kc_wrapper kc-col-inner-container\"><div class=\"kc-elm kc-css-20929 kc_text_block\"><\/p>\n<p>Die Zufriedenheit unserer Kunden ist unsere Priorit\u00e4t, weshalb wir mit verschiedenen Aktivit\u00e4ten und Anwendungen f\u00fcr die Qualit\u00e4t b\u00fcrgen und sie st\u00e4ndig verbessern.<\/p>\n<p>F\u00fcr eine erstklassige Produktqualit\u00e4t ist die bereichs\u00fcbergreifende Zusammenarbeit von den operativen bis zu den technischen Abteilungen von entscheidender Bedeutung. Dank unserer zuverl\u00e4ssigen Lieferanten und engagierten Mitarbeiter k\u00f6nnen wir unseren Kunden h\u00f6chste Produktqualit\u00e4t anbieten.<\/p>\n<p>Wir bei Lipro sind der Qualit\u00e4t verpflichtet, was auch die erhaltene ISO 9001-Zertifizierung beweist, deren Qualit\u00e4tsanforderungen wir erfolgreich umsetzen!<\/p>\n<p>\n<\/div><\/div><\/div><div class=\"kc-elm kc-css-422380 col-12 col-lg-4 column_inner\"><div class=\"kc_wrapper kc-col-inner-container\"><div class=\"kc-elm kc-css-694649 kc_shortcode kc_single_image\">\n\n        <a rel=\"prettyPhoto\" class=\"kc-pretty-photo\" href=\"https:\/\/lipro.pro\/wp-content\/uploads\/2023\/07\/ISO-9001-DE-pdf.jpg\" title=\"\" target=\"\">\n        <img decoding=\"async\" src=\"https:\/\/lipro.pro\/wp-content\/uploads\/2023\/07\/ISO-9001-DE-pdf.jpg\" class=\"\" alt=\"\" title=\"\">    <\/a>\n    <\/div>\n<\/div><\/div><\/div><\/div><\/div><\/div><\/div><\/section><section class=\"kc-elm kc-css-729033 kc_row\"><div class=\" container\"><div class=\"row\"><div class=\"kc-elm kc-css-968740 col-lg-12 column col-12\"><div class=\"kc-col-container\">\n<div class=\"kc-elm kc-css-508066 kc-title-wrap \">\n\n\t<h2 class=\"kc_title\">Umweltschutz<\/h2>\n<\/div>\n<div class=\"kc-elm kc-css-911276 row\"><div class=\"kc-elm kc-css-806491 col-12 col-lg-8 column_inner\"><div class=\"kc_wrapper kc-col-inner-container\"><div class=\"kc-elm kc-css-49611 kc_text_block\"><\/p>\n<p>Bei Lipro legen wir auch einen gro\u00dfen Schwerpunkt auf den Umweltschutz, weshalb wir bestrebt sind, mit den neuen Produktionsprozessen die sch\u00e4dlichen Umwelteinwirkungen zu reduzieren.<\/p>\n<p>Wir bem\u00fchen uns t\u00e4glich um neue Verbesserungen im Umweltschutz, denn wir sehen uns als Teil der Gesellschaft, die den zuk\u00fcnftigen Generationen eine saubere und gesunde Umwelt hinterlassen m\u00f6chte.<\/p>\n<p>Wegen unserer Umweltprinzipien haben wir die ISO 14001-Zertifizierung erhalten!<\/p>\n<p>\n<\/div><\/div><\/div><div class=\"kc-elm kc-css-59541 col-12 col-lg-4 column_inner\"><div class=\"kc_wrapper kc-col-inner-container\"><div class=\"kc-elm kc-css-627894 kc_shortcode kc_single_image\">\n\n        <a rel=\"prettyPhoto\" class=\"kc-pretty-photo\" href=\"https:\/\/lipro.pro\/wp-content\/uploads\/2023\/07\/ISO-14001-DE-pdf.jpg\" title=\"\" target=\"\">\n        <img decoding=\"async\" src=\"https:\/\/lipro.pro\/wp-content\/uploads\/2023\/07\/ISO-14001-DE-pdf.jpg\" class=\"\" alt=\"\" title=\"\">    <\/a>\n    <\/div>\n<\/div><\/div><\/div><\/div><\/div><\/div><\/div><\/section><section class=\"kc-elm kc-css-878397 kc_row\"><div class=\" container\"><div class=\"row\"><div class=\"kc-elm kc-css-549877 col-lg-12 column col-12\"><div class=\"kc-col-container\">\n<div class=\"kc-elm kc-css-499621 kc-title-wrap \">\n\n\t<h2 class=\"kc_title\">Die Schl\u00fcsselwerte von Lipro<\/h2>\n<\/div>\n<div class=\"kc-elm kc-css-941237 kc_text_block\"><\/p>\n<p>\n<\/div><div class=\"kc-elm kc-css-388557 row\"><div class=\"kc-elm kc-css-486478 col-12 col-lg-12 column_inner\"><div class=\"kc_wrapper kc-col-inner-container\"><div class=\"kc-elm kc-css-131864 kc_shortcode kc_single_image\">\n\n        <img decoding=\"async\" src=\"https:\/\/lipro.pro\/wp-content\/uploads\/2024\/03\/Vrednote-DE-2.jpg\" class=\"\" alt=\"\" title=\"\">    <\/div>\n<\/div><\/div><\/div><\/div><\/div><\/div><\/div><\/section><section class=\"kc-elm kc-css-968139 kc_row\"><div class=\" container\"><div class=\"row\"><div class=\"kc-elm kc-css-949057 col-lg-8 column col-12\"><div class=\"kc-col-container\"><div class=\"kc-elm kc-css-915660 row\"><div class=\"kc-elm kc-css-113829 col-12 col-lg-12 column_inner\"><div class=\"kc_wrapper kc-col-inner-container\"><div class=\"kc-elm kc-css-961108 kc_text_block\"><\/p>\n<p>Zadovoljstvo strank je na\u0161 najve\u010dji cilj zato z razli\u010dnim prijemi ter aplikacijami zagotavljamo ter izbolj\u0161ujemo kakovost.<\/p>\n<p>Za najbolj\u0161o kakovost izdelka je klju\u010dnega pomena povezanost vseh podro\u010dji od operativnih do tehni\u010dnih. Na\u0161i skrbni dobavitelji ter predani zaposleni skrbijo ,da na\u0161i izdelki predstavljajo najvi\u0161ji standard kakovosti.<\/p>\n<p>Zavezanost kakovosti izdelkov ter storitev je v podjetju Lipro zelo pomembno zato smo tudi pridobil ter vzdr\u017eujemo standard ISO 9001!<\/p>\n<p>\n<\/div><\/div><\/div><\/div><\/div><\/div><div class=\"kc-elm kc-css-789624 col-lg-4 column col-12\"><div class=\"kc-col-container\"><div class=\"kc-elm kc-css-924088 row\"><div class=\"kc-elm kc-css-75177 col-12 col-lg-12 column_inner\"><div class=\"kc_wrapper kc-col-inner-container\"><div class=\"kc-elm kc-css-565956 kc_shortcode kc_single_image\">\n\n        <img decoding=\"async\" src=\"https:\/\/lipro.pro\/wp-content\/uploads\/2022\/02\/ISO-SLO-pdf.jpg\" class=\"\" alt=\"\" title=\"\">    <\/div>\n<\/div><\/div><\/div><\/div><\/div><\/div><\/div><\/section><\/p>\n","protected":false},"excerpt":{"rendered":"<p>Das Unternehmen Lipro ist bereits seit 1998 bestrebt, seinen Kunden Produkte und Dienstleistungen in bester Qualit\u00e4t zu liefern.<\/p>\n","protected":false},"author":9,"featured_media":9151,"parent":0,"menu_order":0,"comment_status":"closed","ping_status":"closed","template":"page-templates\/fullwidthpage-main.php","meta":{"_acf_changed":false,"footnotes":""},"class_list":["post-7615","page","type-page","status-publish","has-post-thumbnail","hentry"],"acf":[],"_links":{"self":[{"href":"https:\/\/lipro.pro\/de\/wp-json\/wp\/v2\/pages\/7615","targetHints":{"allow":["GET"]}}],"collection":[{"href":"https:\/\/lipro.pro\/de\/wp-json\/wp\/v2\/pages"}],"about":[{"href":"https:\/\/lipro.pro\/de\/wp-json\/wp\/v2\/types\/page"}],"author":[{"embeddable":true,"href":"https:\/\/lipro.pro\/de\/wp-json\/wp\/v2\/users\/9"}],"replies":[{"embeddable":true,"href":"https:\/\/lipro.pro\/de\/wp-json\/wp\/v2\/comments?post=7615"}],"version-history":[{"count":0,"href":"https:\/\/lipro.pro\/de\/wp-json\/wp\/v2\/pages\/7615\/revisions"}],"wp:featuredmedia":[{"embeddable":true,"href":"https:\/\/lipro.pro\/de\/wp-json\/wp\/v2\/media\/9151"}],"wp:attachment":[{"href":"https:\/\/lipro.pro\/de\/wp-json\/wp\/v2\/media?parent=7615"}],"curies":[{"name":"wp","href":"https:\/\/api.w.org\/{rel}","templated":true}]}}