{"id":7547,"date":"2022-01-12T11:04:04","date_gmt":"2022-01-12T11:04:04","guid":{"rendered":"http:\/\/lipro.razvija.se\/politika-zasebnosti-in-varovanje-osebnih-podatkov\/"},"modified":"2022-08-29T12:52:56","modified_gmt":"2022-08-29T12:52:56","slug":"datenschutzerklaerungen-und-schutz-personenbezogener-daten","status":"publish","type":"page","link":"https:\/\/lipro.pro\/de\/datenschutzerklaerungen-und-schutz-personenbezogener-daten\/","title":{"rendered":"Datenschutzerkl\u00e4rungen und Schutz personenbezogener Daten"},"content":{"rendered":"<section class=\"kc-elm kc-css-877693 kc_row\"><div class=\" container\"><div class=\"row\"><div class=\"kc-elm kc-css-328675 col-lg-12 column col-12\"><div class=\"kc-col-container\"><div class=\"kc-elm kc-css-75329 kc_text_block\"><\/p>\n<p>Die Website ist f\u00fcr den Zweck dieses rechtlichen Hinweises ein Begriff, der s\u00e4mtliche Webseiten auf der Internetadresse\u00a0<a href=\"https:\/\/www.lipro.pro\/\">www.lipro.pro<\/a>\u00a0(nachfolgend \u201eWebsite\u201c genannt) umfasst. Der Inhaber der Urheberrechte von s\u00e4mtlichen urheberrechtlich gesch\u00fctzten Inhalten, die in irgendeiner Weise auf der Website erfasst sind, ist das Unternehmen Lipro d.o.o. (nachfolgend \u201eLipro\u201c genannt). Der Nutzer darf die Inhalte der Website ausschlie\u00dflich f\u00fcr pers\u00f6nliche, d. h. f\u00fcr nicht kommerzielle Zwecke, verwenden. Jede andere Art der Website-Nutzung (wie Kopieren, Vervielf\u00e4ltigen, Verbreiten u. \u00c4.) zu kommerziellen Zwecken ist verboten.<\/p>\n<p><strong>Beschr\u00e4nkungen bei der Nutzung von Informationen und Inhalten<\/strong><\/p>\n<p>S\u00e4mtliche Informationen und Inhalte, die auf dieser Website angezeigt werden, kann der Nutzer f\u00fcr seinen pers\u00f6nlichen Zweck und f\u00fcr zu Hause vom Server herunterladen, wobei er die Kennzeichnungen der Urheberrechte sowie die anderen Hinweise \u00fcber die Rechte in Zusammenhang mit dem geistigen Eigentum oder \u00fcber andere Rechte nicht ver\u00e4ndern darf. Das Herunterladen und Drucken von Informationen und Inhalten zum Lesen f\u00fcr nicht kommerzielle Zwecke ist erlaubt. Jede andere Art der Vervielf\u00e4ltigung, Verbreitung, erneuten Ver\u00f6ffentlichung, Ver\u00e4nderung von Informationen oder anderen Inhalten auf der Internetseite\u00a0<a href=\"https:\/\/www.lipro.pro\/\">www.lipro.pro<\/a>\u00a0bzw. deren Versendung mit der Post sowie eine andere Art der Verbreitung ohne vorherige Erlaubnis ist verboten. Ebenfalls verboten ist die Verwendung von Elementen von\u00a0<a href=\"https:\/\/www.lipro.pro\/\">www.lipro.pro<\/a>\u00a0f\u00fcr andere Zwecke als ausschlie\u00dflich f\u00fcr den pers\u00f6nlichen, nicht kommerziellen Gebrauch. Lipro haftet nicht f\u00fcr die Form und den Inhalt der Websites, die in irgendeiner Weise mit der Website\u00a0<a href=\"https:\/\/www.lipro.pro\/\">www.lipro.pro<\/a> verbunden sind. Beim Besuch und bei der Nutzung der verbundenen Websites ist Lipro in allen F\u00e4llen von der Haftung ausgeschlossen.<\/p>\n<p><strong>Haftungsausschluss<\/strong><\/p>\n<p>Lipro wird sich bem\u00fchen, korrekte und aktuelle Daten auf der Website bereitzustellen, jedoch haften weder Lipro noch eine andere juristische oder nat\u00fcrliche Person, die an der Erstellung der Website beteiligt war oder bei der Weiterentwicklung der Webseite mitwirkt, f\u00fcr den entstandenen Schaden, den verlorenen Gewinn bzw. den Verm\u00f6gensschaden, der dem Nutzer durch die Nutzung der Website bzw. seine Unf\u00e4higkeit der Website-Nutzung entstanden ist. Lipro wird sich auch um eine reibungslose Funktion der Webseite bem\u00fchen, jedoch haftet das Unternehmen nicht f\u00fcr den normalen Schaden oder entgangenen Gewinn bzw. f\u00fcr den Verm\u00f6gensschaden, der dem Nutzer wegen einer St\u00f6rung der Website entstehen k\u00f6nnte. Lipro hat das Recht, die Website jederzeit ohne vorherige Ank\u00fcndigung zu ver\u00e4ndern.<\/p>\n<p><strong>Datenschutz<\/strong><\/p>\n<p>Wir sind uns der Bedeutung des Datenschutzes bewusst und verwenden die personenbezogenen Daten vor allem, um den Besuchern unserer Website die passenden Dienstleistungen und Informationen gew\u00e4hrleisten zu k\u00f6nnen. Die von der EU verabschiedete Datenschutzgrundverordnung (DSGVO) fordert strenge Normen, die festlegen, wie Ihre personenbezogenen Daten erhoben, verarbeitet und gespeichert werden m\u00fcssen, und sie erm\u00f6glicht Ihnen die Einsichtnahme in die erhobenen Daten, den Antrag auf L\u00f6schung u. v. m. Im Einklang mit den gesetzlichen Bestimmungen und mit dem Bewusstsein \u00fcber die Wichtigkeit des Datenschutzes haben wir f\u00fcr Sie die grundlegenden Informationen \u00fcber die Sicherheit Ihrer Daten und Ihre Rechte als Eigent\u00fcmer der Daten erstellt. Bevor Sie in die Erhebung oder Verarbeitung Ihrer personenbezogenen Daten einwilligen, lesen Sie sich diese Informationen sorgf\u00e4ltig durch.<\/p>\n<p><strong>Was sind personenbezogene Daten?<\/strong><\/p>\n<p>Personenbezogene Daten sind alle Daten, die sich, unabh\u00e4ngig von der Form, in der Sie ausgedr\u00fcckt werden, auf eine nat\u00fcrliche Person bzw. auf eine bestimmte Person beziehen. Dabei handelt es sich um Daten, auf deren Grundlage Sie als Person identifiziert werden k\u00f6nnen: Vor- und Zuname, E-Mail-Adresse u. a. Der Verantwortliche f\u00fcr die Verarbeitung der personenbezogenen Daten auf der Website\u00a0<a href=\"https:\/\/www.lipro.pro\/\">www.lipro.pro<\/a>\u00a0ist Lipro.<\/p>\n<p><strong>Wo und wie lange werden Ihre Daten gespeichert ?<\/strong><\/p>\n<p>Die von Ihnen in digitaler Form \u00fcbermittelten personenbezogenen Daten werden auf daf\u00fcr gemieteten Servern beim Hosting-Anbieter oder bei den Unternehmen, deren Tools wir verwenden, gespeichert. Der Anbieter der E-Mail-Kommunikationstools z. B. speichert bei sich die Daten \u00fcber die Empf\u00e4nger. Die erhobenen personenbezogenen Daten werden solange aufbewahrt, bis Sie uns mitteilen, dass Sie nicht mehr in die Speicherung und die Verarbeitung personenbezogener Daten einwilligen, bzw. solange, wie es n\u00f6tig ist, um den Zweck, f\u00fcr den sie verarbeitet werden bzw. die gesetzlichen Anforderungen zu erf\u00fcllen.<\/p>\n<p><strong>Erhebung, Verarbeitung und Verwendung personenbezogener Daten<\/strong><\/p>\n<p>Wir erheben, verwalten und verarbeiten Ihre personenbezogenen Daten ausschlie\u00dflich f\u00fcr die gesetzlich bestimmten Zwecke oder auf der Grundlage Ihrer ausdr\u00fccklichen Einwilligung. Die mit Ihrer Zustimmung erhobenen Daten dienen in erster Linie dazu, um mit Ihnen zu kommunizieren und um unsere Dienstleistungen zu verbessern. Wir verpflichten uns, Ihre personenbezogenen Daten nicht ohne die vorherige Mitteilung und Ihre ausdr\u00fcckliche schriftliche Einwilligung an Dritte zu verleihen oder zu verkaufen.<\/p>\n<p><strong>Widerruf der Einwilligung in die Verarbeitung personenbezogener Daten<\/strong><\/p>\n<p>Sie haben jederzeit das Recht, die gegebene Einwilligung in die Verarbeitung personenbezogener Daten zu widerrufen. Sie k\u00f6nnen entweder das Recht f\u00fcr den einzelnen Zweck oder f\u00fcr alle Zwecke der Verarbeitung personenbezogener Daten widerrufen, dem bzw. denen Sie mit Ihrer Einwilligung zugestimmt haben. Schicken Sie den schriftlichen Widerruf der Einwilligung in die Verarbeitung personenbezogener Daten per Post an die Adresse von Lipro bzw. per E-Mail an\u00a0<a href=\"mailto:info@lipro.si\">info@lipro.si<\/a>. Bei einem Widerruf der Einwilligung in die Erhebung oder Verarbeitung personenbezogener Daten werden alle erhobenen personenbezogenen Daten, auf die sich der Antrag auf L\u00f6schung bezieht, aus der automatischen Datenverarbeitung gel\u00f6scht bzw. entfernt. Der Widerruf der Einwilligung in die Verarbeitung personenbezogener Daten hat keinen Einfluss auf die Gesetzm\u00e4\u00dfigkeit der Verarbeitung Ihrer personenbezogenen Daten bis zu Ihrem Widerruf sowie auf die Verwendung dieser personenbezogenen Daten f\u00fcr die gesetzlich festgelegten Zwecke.<\/p>\n<p><strong>Ihre Rechte in Bezug auf den Datenschutz<\/strong><\/p>\n<p><strong>Das Recht auf L\u00f6schung\/Vergessenwerden<br \/><\/strong>Sie haben jederzeit das Recht zu verlangen, dass der Verarbeiter der personenbezogenen Daten ungenaue bzw. fehlerhafte Daten von Ihnen korrigiert bzw. erg\u00e4nzt. Sie k\u00f6nnen jederzeit die Einsicht in Ihre personenbezogenen Daten, die der Verarbeiter von Ihnen erhoben hat, bzw. die sofortige L\u00f6schung Ihrer personenbezogenen Daten fordern. Im Falle einer Korrektur, Erg\u00e4nzung oder L\u00f6schung Ihrer personenbezogenen Daten sind wir dazu verpflichtet, Sie unverz\u00fcglich \u00fcber die Korrektur, Erg\u00e4nzung oder L\u00f6schung zu informieren.<\/p>\n<p><strong>Das Recht auf Einschr\u00e4nkung der Verarbeitung personenbezogener Daten<br \/><\/strong>Sie haben jederzeit das Recht zu verlangen, dass wir im Falle der Ungenauigkeit bzw. Unrechtm\u00e4\u00dfigkeit der Daten, nach Beendigung des Verarbeitungszwecks bzw. bei Einreichung eines Widerrufs die Verarbeitung Ihrer personenbezogenen Daten einschr\u00e4nken.<\/p>\n<p><strong>Das Recht auf \u00dcbertragbarkeit Ihrer personenbezogenen Daten:\u00a0<\/strong>Sie haben ebenfalls jederzeit das Recht, die \u00dcbermittlung in Zusammenhang mit Ihnen verarbeiteten personenbezogenen Daten zu fordern. Sie haben jederzeit das Recht zu fordern, dass wir die in Zusammenhang mit Ihnen verarbeiteten personenbezogenen Daten an einen dritten Verarbeiter \u00fcbermitteln.<\/p>\n<p><strong>Das Recht auf Widerruf<br \/><\/strong>Jede Verwendung Ihrer personenbezogenen Daten zu Informations- oder Werbezwecken erfordert Ihre ausdr\u00fcckliche Einwilligung. Wenn Sie auf der Grundlage Ihrer Einwilligung informative oder kommerzielle Werbeinhalte erhalten, k\u00f6nnen Sie jederzeit die Verwendung Ihrer personenbezogenen Daten zu diesem Zweck schriftlich widerrufen.<\/p>\n<p><strong>Das Recht auf Zugang zu Ihren personenbezogenen Daten<\/strong><br \/>Sie haben jederzeit das Recht, eine Best\u00e4tigung daf\u00fcr zu bekommen, ob auf Sie bezogenen personenbezogene Daten verarbeitet werden. Au\u00dferdem haben Sie das Recht auf Zugriff auf Ihre personenbezogenen Daten sowie auf die nachfolgenden Informationen: den Zweck der Datenverarbeitung, die Art der personenbezogenen Daten, die voraussichtliche Aufbewahrungsfrist f\u00fcr die personenbezogenen Daten sowie die Quelle der personenbezogenen Daten.<\/p>\n<p><strong>\u00a0<\/strong><\/p>\n<p><strong>Gef\u00e4hrdung des Datenschutzes <\/strong><\/p>\n<p>Im Falle einer Gef\u00e4hrdung des Datenschutzes werden wir unverz\u00fcglich, ohne unn\u00f6tigen Aufschub, sp\u00e4testens innerhalb von 72 Stunden nach Feststellung der Gef\u00e4hrdung Ihrer personenbezogenen Daten die zust\u00e4ndige Beh\u00f6rde dar\u00fcber in Kenntnis setzen.<\/p>\n<p><strong>Wichtige Informationen in Zusammenhang mit der Verarbeitung Ihrer personenbezogenen Daten<\/strong><\/p>\n<p>Wir verpflichten uns, alle erhobenen Daten ausschlie\u00dflich im Rahmen der aufgef\u00fchrten Verarbeitungszwecke sowie gem\u00e4\u00df dem slowenischen Datenschutzgesetz und den anderen entsprechenden Datenschutzgesetzen sowie der EU-Datenschutz-Grundverordnung Nr. 2016\/679 zum Schutz nat\u00fcrlicher Personen bei der Verarbeitung personenbezogener Daten (DSGVO) zu verwenden.<\/p>\n<\/p>\n<p><strong>Die auf unserer Webseite verwendeten Cookies<\/strong><\/p>\n<ol>\n<li><strong> Notwendige Cookies<\/strong><\/li>\n<\/ol>\n<p>Notwendige Cookies m\u00fcssen die ganze Zeit \u00fcber aktiviert sein, damit wir Ihre Cookie-Einstellungen speichern k\u00f6nnen.<\/p>\n<table width=\"523\">\n<tbody>\n<tr>\n<td width=\"208\">\n<p>Bezeichnung<\/p>\n<\/td>\n<td width=\"129\">\n<p>Anbieter<\/p>\n<\/td>\n<td width=\"113\">\n<p>Zweck<\/p>\n<\/td>\n<td width=\"73\">\n<p>Dauer<\/p>\n<\/td>\n<\/tr>\n<tr>\n<td width=\"208\">\n<p>hideCovidNotice<\/p>\n<\/td>\n<td width=\"129\">\n<p><a href=\"https:\/\/www.lipro.pro\/\">www.lipro.pro<\/a><\/p>\n<\/td>\n<td width=\"113\">\n<p>Speicherung der Einstellung f\u00fcr die Anzeige des Covid Banners.<\/p>\n<\/td>\n<td width=\"73\">\n<p>Ablauf der Sitzung<\/p>\n<\/td>\n<\/tr>\n<tr>\n<td width=\"208\">\n<p>wp-wpml_current_language<\/p>\n<\/td>\n<td width=\"129\">\n<p><a href=\"https:\/\/www.lipro.pro\/\">www.lipro.pro<\/a><\/p>\n<\/td>\n<td width=\"113\">\n<p>Speicherung der Spracheinstellung<\/p>\n<\/td>\n<td width=\"73\">\n<p>24 Stunden<\/p>\n<\/td>\n<\/tr>\n<tr>\n<td width=\"208\">\n<p>moove_gdpr_popup<\/p>\n<\/td>\n<td width=\"129\">\n<p><a href=\"https:\/\/www.lipro.pro\/\">www.lipro.pro<\/a><\/p>\n<\/td>\n<td width=\"113\">\n<\/td>\n<td width=\"73\">\n<p>1 Jahr<\/p>\n<\/td>\n<\/tr>\n<\/tbody>\n<\/table>\n<p><strong>\u00a0<\/strong><\/p>\n<p><strong>\u00a0<\/strong><\/p>\n<ol start=\"2\">\n<li><strong> Google<\/strong><\/li>\n<\/ol>\n<p>Google verwendet Cookies zur Speicherung der bevorzugten Benutzereinstellungen, zur Auswahl der Sprachversion,zur Anzeige der Anzahl der Treffer und Werte und der Informationen auf Google Maps sowie f\u00fcr viele andere Funktionalit\u00e4ten und Dienstleistungen des Webgigangen..<\/p>\n<p><a href=\"https:\/\/policies.google.com\/technologies\/cookies?hl=sl\" target=\"_blank\" rel=\"noopener\">Mehr erfahren<\/a><\/p>\n<p><strong>\u00a0<\/strong><\/p>\n<ol start=\"3\">\n<li><strong> Google Analytics<\/strong><\/li>\n<\/ol>\n<p>Google Analytics ist eine Dienstleistung zur Webanalyse. Google Analytics ist eine Dienstleistung f\u00fcr die Webanalyse. Sie liefert uns Informationen \u00fcber das Nutzerverhalten auf unserer Internetseite und hilft uns u. a. dabei, die Nutzererfahrung zu verbessern und den Nutzern dir relevanten Inhalte anzuzeigen.Beim Analysieren dieser Daten k\u00f6nnen wir Sie nicht pers\u00f6nlich identifizieren. Die Lebensdauer dieser Cookies betr\u00e4gt bis zu 2 Jahren.<\/p>\n<p><strong>Beispiel f\u00fcr die verwendeten Cookies:<\/strong><\/p>\n<table width=\"627\">\n<tbody>\n<tr>\n<td>\n<p>Bezeichnung<\/p>\n<\/td>\n<td>\n<p>Anbieter<\/p>\n<\/td>\n<td>\n<p>Zweck<\/p>\n<\/td>\n<td>\n<p>Dauer<\/p>\n<\/td>\n<\/tr>\n<tr>\n<td>\n<p>_gat_UA-2764728-49<\/p>\n<\/td>\n<td>\n<p>Google Analytics<\/p>\n<\/td>\n<td>\n<p>Das Cookie wird zur Begrenzung der Anzahl an Anfragen verwendet. Wenn Google Analytics \u00fcber den Google Tag Manager hinzugef\u00fcgt wurde, dann hei\u00dft der Cookie \u201c_dc_gtm_\u201d.<\/p>\n<\/td>\n<td>\n<p>1 Minute<\/p>\n<\/td>\n<\/tr>\n<tr>\n<td>\n<p>_ga<\/p>\n<\/td>\n<td>\n<p>Google Analytics<\/p>\n<\/td>\n<td>\n<p>Identifizierung der Nutzer.<\/p>\n<\/td>\n<td>\n<p>2 Jahre<\/p>\n<\/td>\n<\/tr>\n<tr>\n<td>\n<p>_gid<\/p>\n<\/td>\n<td>\n<p>Google Analytics<\/p>\n<\/td>\n<td>\n<p>Identifizierung der Nutzer.<\/p>\n<\/td>\n<td>\n<p>24 Stunden<\/p>\n<\/td>\n<\/tr>\n<tr>\n<td>\n<p>_gac_<\/p>\n<\/td>\n<td>\n<p>Google Analytics<\/p>\n<\/td>\n<td>\n<p>Das Cookie enth\u00e4lt kampagnenbezogene Informationen im Hinblick auf den Nutzer..<\/p>\n<\/td>\n<td>\n<p>90 Tage<\/p>\n<\/td>\n<\/tr>\n<\/tbody>\n<\/table>\n<p><a href=\"https:\/\/developers.google.com\/analytics\/devguides\/collection\/gajs\/cookie-usage?hl=en\" target=\"_blank\" rel=\"noopener\">Mehr erfahren<\/a><\/p>\n<p><strong>\u00a0<\/strong><\/p>\n<ol start=\"4\">\n<li><strong> YouTube<\/strong><\/li>\n<\/ol>\n<p>Die Dienstleistung YouTube verwenden wir zum Streamen von Videos, wobei die Cookies zur Erfassung der Daten \u00fcber die Aufrufe, zur Speicherung beliebiger Nutzereinstellungen, zur Anzeige von relevanten Videoaufnahmen u. a. verwendet werden. Die Lebensdauer dieser Cookies betr\u00e4gt bis zu 10 Jahre.<\/p>\n<table width=\"614\">\n<tbody>\n<tr>\n<td>\n<p>Bezeichnung<\/p>\n<\/td>\n<td>\n<p>Anbieter<\/p>\n<\/td>\n<td>\n<p>Zweck<\/p>\n<\/td>\n<td>\n<p>Dauer<\/p>\n<\/td>\n<\/tr>\n<tr>\n<td>\n<p>PREF<\/p>\n<\/td>\n<td>\n<p>Youtube<\/p>\n<\/td>\n<td>\n<p>Cookie zur Speicherung der Einstellungen.<\/p>\n<\/td>\n<td>\n<p>10 Jahre<\/p>\n<\/td>\n<\/tr>\n<tr>\n<td>\n<p>VISITOR_INFO1_LIVE<\/p>\n<\/td>\n<td>\n<p>Youtube<\/p>\n<\/td>\n<td>\n<p>Cookie, mit dessen Hilfe Youtube die Bandbreite Ihrer Internetverbindung misst.<\/p>\n<\/td>\n<td>\n<p>8 Monate<\/p>\n<\/td>\n<\/tr>\n<tr>\n<td>\n<p>YSC<\/p>\n<\/td>\n<td>\n<p>Youtube<\/p>\n<\/td>\n<td>\n<p>Youtube installiert das Cookie, um die Aufrufe von eingebetteten Videos auf den Youtube-Seiten zu verfolgen.<\/p>\n<\/td>\n<td>\n<p>bis zum Ende der Sitzung<\/p>\n<\/td>\n<\/tr>\n<\/tbody>\n<\/table>\n<p><strong>\u00a0<\/strong><\/p>\n<p><strong>\u00a0<\/strong><\/p>\n<p><strong>Wie k\u00f6nnen die Cookies verwaltet oder gel\u00f6scht werden?<\/strong><\/p>\n<p>Wir werden die Cookies nie zur Erhebung Ihrer personenbezogenen Daten verwenden und wenn Sie wollen, k\u00f6nnen Sie die Einstellung bez\u00fcglich der Verwendung der Cookies auch im Browser Ihres Computers oder Ihres Mobilger\u00e4ts \u00e4ndern. Die meisten modernen Browser erm\u00f6glichen es Ihnen, alle bzw. nur bestimmte Arten von Cookies anzunehmen oder abzulehnen bzw. den Hinweis einzustellen, dass die Seite ein Cookie auf Ihrem Ger\u00e4t speichern m\u00f6chte. Sie k\u00f6nnen auch die Cookies l\u00f6schen, die der Browser bereits auf Ihrem Ger\u00e4t gespeichert hat. Wir weisen Sie jedoch darauf hin, dass bei einer Deaktivierung der Cookies unter Umst\u00e4nden nicht alle Funktionen der Webseiten mit gleicher Wirksamkeit funktionieren werden; der Hinweis \u00fcber die Verwendung von Cookies wird bei jedem Besuch angezeigt, was langfristig Ihre Benutzererfahrung beeintr\u00e4chtigen wird. Das Verfahren zur \u00c4nderung der Cookie-Einstellungen ist auf jedem Browser unterschiedlich. Informationen dar\u00fcber erhalten Sie \u00fcber die Funktion \u201eHilfe\u201c oder auf dem Link\u00a0<a href=\"http:\/\/www.aboutcookies.org\/\" target=\"_blank\" rel=\"noopener\">www.aboutcookies.org<\/a>, wo das Verfahren f\u00fcr alle modernen Browser anschaulich erkl\u00e4rt wird. Sie k\u00f6nnen uns aber auch gerne diesbez\u00fcglich per\u00a0<a href=\"mailto:info@lipro.si\">E-Mail<\/a> kontaktieren. Die Cookies von Google Analytics k\u00f6nnen auch nach den Anweisungen, die auf\u00a0<a href=\"https:\/\/tools.google.com\/dlpage\/gaoptout?hl=en\" target=\"_blank\" rel=\"noopener\">Google Analytics<\/a>\u00a0verf\u00fcgbar sind, deaktiviert werden. Mehr Informationen \u00fcber die verwendeten Cookies finden Sie auch in den\u00a0<a href=\"https:\/\/www.ip-rs.si\/\" target=\"_blank\" rel=\"noopener\">Richtlinien des Auskunftsbeauftragten.<\/a><\/p>\n<p><strong>\u00a0<\/strong><\/p>\n<p><strong>Allgemeines<\/strong><\/p>\n<p>F\u00fcr eventuelle Streitigkeiten in Zusammenhang mit der Nutzung der Website ist die slowenische Gesetzgebung anzuwenden. Zur Schlichtung eventueller Streitigkeiten ist das Gericht in Koper zust\u00e4ndig. Mit der Nutzung der Website best\u00e4tigt der Nutzer, dass er die hier beschriebenen Bedingungen akzeptiert und ihnen zustimmt.<\/p>\n<p>\n<\/div><\/div><\/div><\/div><\/div><\/section>\n","protected":false},"excerpt":{"rendered":"","protected":false},"author":9,"featured_media":0,"parent":0,"menu_order":0,"comment_status":"closed","ping_status":"closed","template":"","meta":{"_acf_changed":false,"footnotes":""},"class_list":["post-7547","page","type-page","status-publish","hentry"],"acf":[],"_links":{"self":[{"href":"https:\/\/lipro.pro\/de\/wp-json\/wp\/v2\/pages\/7547","targetHints":{"allow":["GET"]}}],"collection":[{"href":"https:\/\/lipro.pro\/de\/wp-json\/wp\/v2\/pages"}],"about":[{"href":"https:\/\/lipro.pro\/de\/wp-json\/wp\/v2\/types\/page"}],"author":[{"embeddable":true,"href":"https:\/\/lipro.pro\/de\/wp-json\/wp\/v2\/users\/9"}],"replies":[{"embeddable":true,"href":"https:\/\/lipro.pro\/de\/wp-json\/wp\/v2\/comments?post=7547"}],"version-history":[{"count":0,"href":"https:\/\/lipro.pro\/de\/wp-json\/wp\/v2\/pages\/7547\/revisions"}],"wp:attachment":[{"href":"https:\/\/lipro.pro\/de\/wp-json\/wp\/v2\/media?parent=7547"}],"curies":[{"name":"wp","href":"https:\/\/api.w.org\/{rel}","templated":true}]}}