{"id":7534,"date":"2022-01-25T10:14:14","date_gmt":"2022-01-25T10:14:14","guid":{"rendered":"http:\/\/lipro.razvija.se\/podpora-strankam\/"},"modified":"2024-01-19T10:26:27","modified_gmt":"2024-01-19T10:26:27","slug":"kundenservice","status":"publish","type":"page","link":"https:\/\/lipro.pro\/de\/kundenservice\/","title":{"rendered":"Kundenservice"},"content":{"rendered":"<p><section class=\"kc-elm kc-css-996364 kc_row\"><div class=\" container\"><div class=\"row\"><\/div><\/div><\/section><section class=\"kc-elm kc-css-204072 kc_row\"><div class=\" container  contact-grid-custom\"><div class=\"row\"><div class=\"kc-elm kc-css-955249 col-lg-3 column col-12\"><div class=\"kc-col-container\">\n<div class=\"kc-elm kc-css-982967 kc-title-wrap \">\n\n\t<h4 class=\"kc_title\">Gesch\u00e4ftsf\u00fchrung<\/h4>\n<\/div>\n<div class=\"kc-elm kc-css-305689 kc_text_block\"><\/p>\n<p>e: <a class=\"font-weight-normal\" href=\"mailto:info@lipro.si\"><b>info@lipro.si<\/b><\/a><\/p>\n<p>\n<\/div><\/div><\/div><div class=\"kc-elm kc-css-561746 col-lg-5 column col-12\"><div class=\"kc-col-container\"><div class=\"div-wrapper kc-elm kc-css-364693 \"><div class=\"kc-elm kc-css-947007 row\"><div class=\"kc-elm kc-css-976734 col-12 col-lg-6 column_inner\"><div class=\"kc_wrapper kc-col-inner-container\"><div class=\"kc-elm kc-css-151294 kc_shortcode kc_single_image\">\n\n        <img decoding=\"async\" src=\"https:\/\/lipro.pro\/wp-content\/uploads\/2022\/05\/Gregor-2.jpg\" class=\"\" alt=\"\" title=\"\">    <\/div>\n<\/div><\/div><div class=\"kc-elm kc-css-871027 col-12 col-lg-6 column_inner\"><div class=\"kc_wrapper kc-col-inner-container\"><div class=\"kc-elm kc-css-688451 kc_text_block\"><\/p>\n<p><strong>Gregor Pribac<\/strong><br \/>Direktor<\/p>\n<p>m: <a class=\"font-weight-normal\" href=\"tel:0038641294041\">00386 41 294 041<\/a><\/p>\n<p>\n<\/div><\/div><\/div><\/div><\/div><div class=\"div-wrapper kc-elm kc-css-586244 \"><div class=\"kc-elm kc-css-190190 row\"><div class=\"kc-elm kc-css-646181 col-12 col-lg-6 column_inner\"><div class=\"kc_wrapper kc-col-inner-container\"><div class=\"kc-elm kc-css-480526 kc_shortcode kc_single_image\">\n\n        <img decoding=\"async\" src=\"https:\/\/lipro.pro\/wp-content\/uploads\/2022\/05\/Albert-SI_-e1652788074169.jpg\" class=\"\" alt=\"\" title=\"\">    <\/div>\n<\/div><\/div><div class=\"kc-elm kc-css-953161 col-12 col-lg-6 column_inner\"><div class=\"kc_wrapper kc-col-inner-container\"><div class=\"kc-elm kc-css-466425 kc_text_block\"><\/p>\n<p><strong>Albert Pribac<\/strong><br \/>Berater<\/p>\n<p>\n<\/div><\/div><\/div><\/div><\/div><\/div><\/div><div class=\"kc-elm kc-css-943525 col-lg-5 column col-12\"><div class=\"kc-col-container\"><div class=\"div-wrapper kc-elm kc-css-439303 \"><div class=\"kc-elm kc-css-203098 row\"><div class=\"kc-elm kc-css-266861 col-12 col-lg-6 column_inner\"><div class=\"kc_wrapper kc-col-inner-container\"><div class=\"kc-elm kc-css-14581 kc_shortcode kc_single_image\">\n\n        <img decoding=\"async\" src=\"https:\/\/lipro.pro\/wp-content\/uploads\/2022\/05\/Gasper-1.jpg\" class=\"\" alt=\"\" title=\"\">    <\/div>\n<\/div><\/div><div class=\"kc-elm kc-css-704659 col-12 col-lg-6 column_inner\"><div class=\"kc_wrapper kc-col-inner-container\"><div class=\"kc-elm kc-css-977768 kc_text_block\"><\/p>\n<p><strong>Ga\u0161per Pribac<\/strong><br \/>Technische Direktor<\/p>\n<p>m: <a class=\"font-weight-normal\" href=\"tel:0038641 209 102\">00386 41 209 102<\/a><\/p>\n<p>\n<\/div><\/div><\/div><\/div><\/div><div class=\"div-wrapper kc-elm kc-css-492459 \"><div class=\"kc-elm kc-css-850865 row\"><div class=\"kc-elm kc-css-396594 col-12 col-lg-6 column_inner\"><div class=\"kc_wrapper kc-col-inner-container\"><div class=\"kc-elm kc-css-142047 kc_shortcode kc_single_image\">\n\n        <img decoding=\"async\" src=\"https:\/\/lipro.pro\/wp-content\/uploads\/2022\/05\/Barbara-SI_-e1652788806266.jpg\" class=\"\" alt=\"\" title=\"\">    <\/div>\n<\/div><\/div><div class=\"kc-elm kc-css-859884 col-12 col-lg-6 column_inner\"><div class=\"kc_wrapper kc-col-inner-container\"><div class=\"kc-elm kc-css-128421 kc_text_block\"><\/p>\n<p><strong>Barbara Pribac<br \/><\/strong>Prokurist \u2013 Betriebsleiter<\/p>\n<p>\n<\/div><\/div><\/div><\/div><\/div><\/div><\/div><\/div><\/div><\/section><section class=\"kc-elm kc-css-114051 kc_row\"><div class=\" container  contact-grid-custom\"><div class=\"row\"><div class=\"kc-elm kc-css-442421 col-lg-3 column col-12\"><div class=\"kc-col-container\">\n<div class=\"kc-elm kc-css-556523 kc-title-wrap \">\n\n\t<h4 class=\"kc_title\">Verkauf<\/h4>\n<\/div>\n<div class=\"kc-elm kc-css-213465 kc_text_block\"><\/p>\n<p>e: <a href=\"mailto:sales@lipro.si\"><b>sales@lipro.si<\/b><\/a><\/p>\n<p>\n<\/div><\/div><\/div><div class=\"kc-elm kc-css-766511 col-lg-5 column col-12\"><div class=\"kc-col-container\"><div class=\"div-wrapper kc-elm kc-css-287440 \"><div class=\"kc-elm kc-css-616633 row\"><div class=\"kc-elm kc-css-135863 col-12 col-lg-6 column_inner\"><div class=\"kc_wrapper kc-col-inner-container\"><div class=\"kc-elm kc-css-361390 kc_shortcode kc_single_image\">\n\n        <img decoding=\"async\" src=\"https:\/\/lipro.pro\/wp-content\/uploads\/2022\/05\/Bojan-1.jpg\" class=\"\" alt=\"\" title=\"\">    <\/div>\n<\/div><\/div><div class=\"kc-elm kc-css-304606 col-12 col-lg-6 column_inner\"><div class=\"kc_wrapper kc-col-inner-container\"><div class=\"kc-elm kc-css-112527 kc_text_block\"><\/p>\n<p><strong>Bojan Puklavec<\/strong><br \/>Verkauf<\/p>\n<p>m: <a class=\"font-weight-normal\" href=\"tel:0038641 310 944\">00386 41 310 944<\/a><\/p>\n<p>\n<\/div><\/div><\/div><\/div><\/div><div class=\"div-wrapper kc-elm kc-css-998999 \"><div class=\"kc-elm kc-css-167142 row\"><div class=\"kc-elm kc-css-181499 col-12 col-lg-6 column_inner\"><div class=\"kc_wrapper kc-col-inner-container\"><div class=\"kc-elm kc-css-25195 kc_shortcode kc_single_image\">\n\n        <img decoding=\"async\" src=\"https:\/\/lipro.pro\/wp-content\/uploads\/2022\/05\/Armin-2.jpg\" class=\"\" alt=\"\" title=\"\">    <\/div>\n<\/div><\/div><div class=\"kc-elm kc-css-996996 col-12 col-lg-6 column_inner\"><div class=\"kc_wrapper kc-col-inner-container\"><div class=\"kc-elm kc-css-922598 kc_text_block\"><\/p>\n<p><strong>Armin Ma\u0161i\u0107<\/strong><br \/>Verkauf<\/p>\n<p>m: <a class=\"font-weight-normal\" href=\"tel:0038631 782 085\">00386 31 782 085<\/a><\/p>\n<p>\n<\/div><\/div><\/div><\/div><\/div><div class=\"div-wrapper kc-elm kc-css-826300 \"><div class=\"kc-elm kc-css-3848 row\"><div class=\"kc-elm kc-css-434992 col-12 col-lg-6 column_inner\"><div class=\"kc_wrapper kc-col-inner-container\"><div class=\"kc-elm kc-css-918573 kc_shortcode kc_single_image\">\n\n        <img decoding=\"async\" src=\"https:\/\/lipro.pro\/wp-content\/uploads\/2022\/05\/Rok-1.jpg\" class=\"\" alt=\"\" title=\"\">    <\/div>\n<\/div><\/div><div class=\"kc-elm kc-css-727046 col-12 col-lg-6 column_inner\"><div class=\"kc_wrapper kc-col-inner-container\"><div class=\"kc-elm kc-css-648633 kc_text_block\"><\/p>\n<p><strong>Rok Jelov\u010dan<\/strong><br \/>Verkauf<\/p>\n<p>m: <a class=\"font-weight-normal\" href=\"tel:0038651 335 401\">00386 51 335 401<\/a><\/p>\n<p>\n<\/div><\/div><\/div><\/div><\/div><\/div><\/div><div class=\"kc-elm kc-css-140512 col-lg-5 column col-12\"><div class=\"kc-col-container\"><div class=\"div-wrapper kc-elm kc-css-463855 \"><div class=\"kc-elm kc-css-18803 row\"><div class=\"kc-elm kc-css-136802 col-12 col-lg-6 column_inner\"><div class=\"kc_wrapper kc-col-inner-container\"><div class=\"kc-elm kc-css-294272 kc_shortcode kc_single_image\">\n\n        <img decoding=\"async\" src=\"https:\/\/lipro.pro\/wp-content\/uploads\/2022\/05\/Zoran-1.jpg\" class=\"\" alt=\"\" title=\"\">    <\/div>\n<\/div><\/div><div class=\"kc-elm kc-css-643089 col-12 col-lg-6 column_inner\"><div class=\"kc_wrapper kc-col-inner-container\"><div class=\"kc-elm kc-css-794916 kc_text_block\"><\/p>\n<p><strong>Zoran Belac<\/strong><br \/>Verkauf<\/p>\n<p>m: <a class=\"font-weight-normal\" href=\"tel:0038631 771 980\">00386 31 771 980<\/a><\/p>\n<p>\n<\/div><\/div><\/div><\/div><\/div><div class=\"div-wrapper kc-elm kc-css-214001 \"><div class=\"kc-elm kc-css-608983 row\"><div class=\"kc-elm kc-css-797663 col-12 col-lg-6 column_inner\"><div class=\"kc_wrapper kc-col-inner-container\"><div class=\"kc-elm kc-css-212186 kc_shortcode kc_single_image\">\n\n        <img decoding=\"async\" src=\"https:\/\/lipro.pro\/wp-content\/uploads\/2022\/05\/Jan-1.jpg\" class=\"\" alt=\"\" title=\"\">    <\/div>\n<\/div><\/div><div class=\"kc-elm kc-css-521865 col-12 col-lg-6 column_inner\"><div class=\"kc_wrapper kc-col-inner-container\"><div class=\"kc-elm kc-css-12291 kc_text_block\"><\/p>\n<p><strong>Jan Strle<\/strong><br \/>Verkauf<\/p>\n<p>m: <a class=\"font-weight-normal\" href=\"tel:0038651 634 807\">00386 51 634 807<\/a><\/p>\n<p>\n<\/div><\/div><\/div><\/div><\/div><\/div><\/div><\/div><\/div><\/section><section class=\"kc-elm kc-css-100841 kc_row\"><div class=\" container  contact-grid-custom\"><div class=\"row\"><div class=\"kc-elm kc-css-485854 col-lg-3 column col-12\"><div class=\"kc-col-container\">\n<div class=\"kc-elm kc-css-712699 kc-title-wrap \">\n\n\t<h4 class=\"kc_title\">Einkauf<\/h4>\n<\/div>\n<div class=\"kc-elm kc-css-766229 kc_text_block\"><\/p>\n<p>e: <a href=\"mailto:purchase@lipro.si\"><b>purchase@lipro.si<\/b><\/a><\/p>\n<p>\n<\/div><\/div><\/div><div class=\"kc-elm kc-css-769838 col-lg-5 column col-12\"><div class=\"kc-col-container\"><div class=\"div-wrapper kc-elm kc-css-929131 \"><div class=\"kc-elm kc-css-237921 row\"><div class=\"kc-elm kc-css-357993 col-12 col-lg-6 column_inner\"><div class=\"kc_wrapper kc-col-inner-container\"><div class=\"kc-elm kc-css-850108 kc_shortcode kc_single_image\">\n\n        <img decoding=\"async\" src=\"https:\/\/lipro.pro\/wp-content\/uploads\/2022\/05\/Dejan-1.jpg\" class=\"\" alt=\"\" title=\"\">    <\/div>\n<\/div><\/div><div class=\"kc-elm kc-css-734417 col-12 col-lg-6 column_inner\"><div class=\"kc_wrapper kc-col-inner-container\"><div class=\"kc-elm kc-css-185642 kc_text_block\"><\/p>\n<p><strong>Dejan Krmac<\/strong><br \/>Einkauf<\/p>\n<p>m: <a class=\"font-weight-normal\" href=\"tel:+38641 599 418\">00386 41 599 418<\/a><\/p>\n<p>\n<\/div><\/div><\/div><\/div><\/div><\/div><\/div><div class=\"kc-elm kc-css-481846 col-lg-5 column col-12\"><div class=\"kc-col-container\"><div class=\"div-wrapper kc-elm kc-css-669173 \"><div class=\"kc-elm kc-css-14812 row\"><div class=\"kc-elm kc-css-29834 col-12 col-lg-6 column_inner\"><div class=\"kc_wrapper kc-col-inner-container\"><\/div><\/div><div class=\"kc-elm kc-css-875637 col-12 col-lg-6 column_inner\"><div class=\"kc_wrapper kc-col-inner-container\"><\/div><\/div><\/div><\/div><\/div><\/div><\/div><\/div><\/section><section class=\"kc-elm kc-css-363928 kc_row\"><div class=\" container  contact-grid-custom\"><div class=\"row\"><div class=\"kc-elm kc-css-605364 col-lg-3 column col-12\"><div class=\"kc-col-container\">\n<div class=\"kc-elm kc-css-273891 kc-title-wrap \">\n\n\t<h4 class=\"kc_title\">Entwicklung<\/h4>\n<\/div>\n<div class=\"kc-elm kc-css-187228 kc_text_block\"><\/p>\n<p>e: <a href=\"mailto:development@lipro.si\"><b>development@lipro.si<\/b><\/a><\/p>\n<p>\n<\/div><\/div><\/div><div class=\"kc-elm kc-css-206975 col-lg-5 column col-12\"><div class=\"kc-col-container\"><div class=\"div-wrapper kc-elm kc-css-924323 \"><div class=\"kc-elm kc-css-969837 row\"><div class=\"kc-elm kc-css-514058 col-12 col-lg-6 column_inner\"><div class=\"kc_wrapper kc-col-inner-container\"><div class=\"kc-elm kc-css-259151 kc_shortcode kc_single_image\">\n\n        <img decoding=\"async\" src=\"https:\/\/lipro.pro\/wp-content\/uploads\/2022\/05\/Filip-1.jpg\" class=\"\" alt=\"\" title=\"\">    <\/div>\n<\/div><\/div><div class=\"kc-elm kc-css-567005 col-12 col-lg-6 column_inner\"><div class=\"kc_wrapper kc-col-inner-container\"><div class=\"kc-elm kc-css-545683 kc_text_block\"><\/p>\n<p><strong>Filip Kova\u010di\u010d<br \/><\/strong>Entwicklungsleiter<\/p>\n<p>m: <a class=\"font-weight-normal\" href=\"tel:0038631 771 898\">00386 31 771 898<\/a><\/p>\n<p>\n<\/div><\/div><\/div><\/div><\/div><\/div><\/div><div class=\"kc-elm kc-css-718882 col-lg-5 column col-12\"><div class=\"kc-col-container\"><\/div><\/div><\/div><\/div><\/section><section class=\"kc-elm kc-css-88779 kc_row\"><div class=\" container  contact-grid-custom\"><div class=\"row\"><div class=\"kc-elm kc-css-349416 col-lg-3 column col-12\"><div class=\"kc-col-container\">\n<div class=\"kc-elm kc-css-16327 kc-title-wrap \">\n\n\t<h4 class=\"kc_title\">Lager<\/h4>\n<\/div>\n<div class=\"kc-elm kc-css-446254 kc_text_block\"><\/p>\n<p>e: <a href=\"mailto:info@lipro.si\"><b>info@lipro.si<\/b><\/a><\/p>\n<p>\n<\/div><\/div><\/div><div class=\"kc-elm kc-css-968773 col-lg-5 column col-12\"><div class=\"kc-col-container\"><div class=\"div-wrapper kc-elm kc-css-945525 \"><div class=\"kc-elm kc-css-12987 row\"><div class=\"kc-elm kc-css-830602 col-12 col-lg-6 column_inner\"><div class=\"kc_wrapper kc-col-inner-container\"><div class=\"kc-elm kc-css-606789 kc_shortcode kc_single_image\">\n\n        <img decoding=\"async\" src=\"https:\/\/lipro.pro\/wp-content\/uploads\/2022\/05\/Patrik-1.jpg\" class=\"\" alt=\"\" title=\"\">    <\/div>\n<\/div><\/div><div class=\"kc-elm kc-css-294866 col-12 col-lg-6 column_inner\"><div class=\"kc_wrapper kc-col-inner-container\"><div class=\"kc-elm kc-css-454324 kc_text_block\"><\/p>\n<p><strong>Patrik Suki\u010d<\/strong><br \/>Lagerleiter<\/p>\n<p>\n<\/div><\/div><\/div><\/div><\/div><\/div><\/div><div class=\"kc-elm kc-css-139965 col-lg-5 column col-12\"><div class=\"kc-col-container\"><\/div><\/div><\/div><\/div><\/section><section class=\"kc-elm kc-css-883315 kc_row\"><div class=\" container  contact-grid-custom\"><div class=\"row\"><div class=\"kc-elm kc-css-439762 col-lg-3 column col-12\"><div class=\"kc-col-container\">\n<div class=\"kc-elm kc-css-129068 kc-title-wrap \">\n\n\t<h4 class=\"kc_title\">Produktion<\/h4>\n<\/div>\n<div class=\"kc-elm kc-css-87856 kc_text_block\"><\/p>\n<p>e: <a href=\"mailto:info@lipro.si\"><b>info@lipro.si<\/b><\/a><\/p>\n<p>\n<\/div><\/div><\/div><div class=\"kc-elm kc-css-943745 col-lg-5 column col-12\"><div class=\"kc-col-container\"><div class=\"div-wrapper kc-elm kc-css-113051 \"><div class=\"kc-elm kc-css-75119 row\"><div class=\"kc-elm kc-css-580664 col-12 col-lg-6 column_inner\"><div class=\"kc_wrapper kc-col-inner-container\"><div class=\"kc-elm kc-css-118941 kc_shortcode kc_single_image\">\n\n        <img decoding=\"async\" src=\"https:\/\/lipro.pro\/wp-content\/uploads\/2022\/05\/Marko-1.jpg\" class=\"\" alt=\"\" title=\"\">    <\/div>\n<\/div><\/div><div class=\"kc-elm kc-css-304179 col-12 col-lg-6 column_inner\"><div class=\"kc_wrapper kc-col-inner-container\"><div class=\"kc-elm kc-css-283979 kc_text_block\"><\/p>\n<p><strong>Marko \u0160kropeta<br \/><\/strong>Produktionsleiter<\/p>\n<\/p>\n<p>\n<\/div><\/div><\/div><\/div><\/div><\/div><\/div><div class=\"kc-elm kc-css-807539 col-lg-5 column col-12\"><div class=\"kc-col-container\"><\/div><\/div><\/div><\/div><\/section><\/p>\n","protected":false},"excerpt":{"rendered":"<p>Mit unserem Team von engagierten Mitarbeitern gew\u00e4hrleisten wir kundenindividuelle L\u00f6sungen in der Automatisierung der Produktion auf dem slowenischen und europ\u00e4ischen Markt.<\/p>\n","protected":false},"author":9,"featured_media":4058,"parent":0,"menu_order":0,"comment_status":"closed","ping_status":"closed","template":"page-templates\/fullwidthpage-main.php","meta":{"_acf_changed":false,"footnotes":""},"class_list":["post-7534","page","type-page","status-publish","has-post-thumbnail","hentry"],"acf":[],"_links":{"self":[{"href":"https:\/\/lipro.pro\/de\/wp-json\/wp\/v2\/pages\/7534","targetHints":{"allow":["GET"]}}],"collection":[{"href":"https:\/\/lipro.pro\/de\/wp-json\/wp\/v2\/pages"}],"about":[{"href":"https:\/\/lipro.pro\/de\/wp-json\/wp\/v2\/types\/page"}],"author":[{"embeddable":true,"href":"https:\/\/lipro.pro\/de\/wp-json\/wp\/v2\/users\/9"}],"replies":[{"embeddable":true,"href":"https:\/\/lipro.pro\/de\/wp-json\/wp\/v2\/comments?post=7534"}],"version-history":[{"count":0,"href":"https:\/\/lipro.pro\/de\/wp-json\/wp\/v2\/pages\/7534\/revisions"}],"wp:featuredmedia":[{"embeddable":true,"href":"https:\/\/lipro.pro\/de\/wp-json\/wp\/v2\/media\/4058"}],"wp:attachment":[{"href":"https:\/\/lipro.pro\/de\/wp-json\/wp\/v2\/media?parent=7534"}],"curies":[{"name":"wp","href":"https:\/\/api.w.org\/{rel}","templated":true}]}}