{"id":7512,"date":"2022-01-11T11:41:42","date_gmt":"2022-01-11T11:41:42","guid":{"rendered":"http:\/\/lipro.razvija.se\/o-podjetju\/"},"modified":"2024-01-19T10:31:43","modified_gmt":"2024-01-19T10:31:43","slug":"uber-uns","status":"publish","type":"page","link":"https:\/\/lipro.pro\/de\/uber-uns\/","title":{"rendered":"\u00dcber uns"},"content":{"rendered":"<p><section id=\"fluid-100\" class=\"kc-elm kc-css-183626 kc_row\"><div class=\" container-fluid\"><div class=\"row\"><div class=\"kc-elm kc-css-682453 column col-md-5\"><div class=\"kc-col-container\"><div class=\"kc-elm kc-css-426976 kc_text_block pb-2\"><\/p>\n<p>Die ver\u00e4nderten Marktverh\u00e4ltnisse, die globalen Trends und der Wunsch, die Gesch\u00e4ftsf\u00fchrung und das Management auf die j\u00fcngere Generation zu \u00fcbertragen, haben uns dazu motiviert, eine neue Unternehmensstrategie f\u00fcr Lipro d.o.o. bis zum Jahr 2024 zu entwickeln. Die Strategie enth\u00e4lt die entsprechenden Leitlinien f\u00fcr die weitere Entwicklung als Antwort auf die aktuellen Herausforderungen der Zeit und die Ver\u00e4nderungen, mit denen wir in unserer gesch\u00e4ftlichen Umgebung konfrontiert sind.<\/p>\n<p>\n<\/div><div class=\"kc-elm kc-css-337203 kc_text_block\"><\/p>\n<p>Trotz der Ver\u00e4nderungen in unserem Umfeld bleiben wir der Mission treu, unsere F\u00f6rdersysteme weiterhin zu verbessern und zu vereinfachen und mit unseren engagierten Mitarbeitern den Kunden professionelle L\u00f6sungen nach Ma\u00df zu gew\u00e4hrleisten.\u00a0 Au\u00dferdem werden wir uns weiterhin bem\u00fchen, nachhaltige Werte f\u00fcr die Mitarbeiter, Gesch\u00e4ftspartner und das lokale Umfeld zu entwickeln. Dar\u00fcber hinaus werden wir unsere Mitarbeiter zur Teamarbeit und die interne Kommunikation motivieren. Entscheidend ist, dass wir mit gutem Beispiel vorausgehen und die Kultur der Zusammenarbeit, des gegenseitigen Respekts und der \u00dcbernahme von Verantwortung bei allen Mitarbeiter*innen verbreiten.<\/p>\n<p>Das innere Umfeld sowie die aktuellen Entwicklungsm\u00f6glichkeiten zeigen darauf, dass Lipro d.o.o. in Zukunft in der Lage sein wird, zu wachsen und dadurch seine Marktposition zu festigen und zu halten. Eine stabile finanzielle Situation, engagierte Mitarbeiter, eine moderne Ausstattung, eine entwicklungsorientierte Ausrichtung und Innovationen sowie die Bew\u00e4ltigung der Gesch\u00e4ftsprozesse sind nach Meinung der Gesch\u00e4ftsf\u00fchrung die Quellen f\u00fcr den Konkurrenzvorteil, auf denen Lipro d.o.o. seine Zukunft bauen kann. Der Strategieplan weist fachlich fundiert den Weg f\u00fcr die zuk\u00fcnftige Entwicklung von Lipro d.o.o. und zeigt, wie es sich zur besten Option f\u00fcr alle Unternehmen in der EU und au\u00dferhalb entwickeln wird, die innovative, hochwertige und umweltfreundliche L\u00f6sungen in der Automatisierung der Produktion suchen.<\/p>\n<p>\n<\/div><\/div><\/div><\/div><\/div><\/section><section id=\"fluid-100\" class=\"kc-elm kc-css-420291 kc_row\"><div class=\" container-fluid\"><div class=\"row\"><div class=\"kc-elm kc-css-269071 column col-md-5\"><div class=\"kc-col-container\">\n<div class=\"kc-elm kc-css-390245 kc-title-wrap \">\n\n\t<h3 class=\"kc_title pb-2\">Pogled v prihodnost \u2013 zaveza vodstva<\/h3>\n<\/div>\n<div class=\"kc-elm kc-css-770601 kc_text_block pb-2\"><\/p>\n<p>\nSpremenjena razmere na trgu, globalni trendi in \u017eelja po prenosu vodenja in upravljanja podjetja na mlaj\u0161o generacijo, so nas spodbudili, da smo za\u010deli pripravljati novo strategijo Lipra d.o.o. do leta 2024. Strategija bo podala ustrezne usmeritve za na\u0161 nadaljnji razvoj kot odgovor na aktualne izzive \u010dasa in spremembe, ki se dogajajo v na\u0161em poslovnem okolju.<\/p>\n<p>Kljub spremembam v okolju ostajamo zavezani na\u0161emu poslanstvu, da izbolj\u0161ujemo in poenostavljamo\u00a0 transportne sisteme ter z zavzetimi sodelavci zagotavljamo profesionalne re\u0161itve po meri naro\u010dnika.\u00a0 Prav tako si bomo \u0161e naprej prizadevali za trajno ustvarjanje vrednosti za zaposlene, poslovne partnerje in lokalno okolje. Spodbujali bomo timsko delo in odprto interno komunikacijo. Klju\u010dnega pomena je, da z zgledom \u0161irimo kulturo sodelovanja, spo\u0161tovanja in prevzemanja odgovornosti med vsemi sodelavkami in sodelavci v Lipro d.o.o.\u00a0<\/p>\n<p>Notranje okolje in trenutne razvojne zmo\u017enosti ka\u017eejo na to, da je Lipro d.o.o. v prihodnjem obdobju sposoben rasti, ter s tem utrditi in ohraniti svoj polo\u017eaj na trgu. Stabilen finan\u010dni polo\u017eaj, zavzeti sodelavci, sodobna oprema, razvojna usmerjenost in inovativnost ter obvladovanje poslovnih procesov, so po mnenju vodstva viri konkuren\u010dne prednosti, na katerih lahko Lipro d.o.o. gradi svojo prihodnost. Strate\u0161ki na\u010drt strokovno utemeljeno in realno prikazuje prihodnjo razvojno pot Lipra d.o.o. do najbolj\u0161e izbire izbira za podjetja, ki \u017eelijo inovativne, kakovostne in okolju prijazne re\u0161itve v avtomatizaciji proizvodnje tako v EU kot tudi \u0161ir\u0161e.<\/p>\n<p>\n<\/div><\/div><\/div><\/div><\/div><\/section><section data-kc-equalheight=\"true\" data-kc-equalheight-align=\"middle\" data-kc-fullwidth=\"content\" class=\"kc-elm kc-css-661313 kc_row company-right\"><div class=\" container-fluid\"><div class=\"row\"><div class=\"kc-elm kc-css-756075 col-lg-6 column d-flex justify-content-end order-2 order-md-1\"><div class=\"left-box mt-3 mt-md-0 kc-col-container\">\n<div class=\"kc-elm kc-css-103330 kc-title-wrap \">\n\n\t<h2 class=\"kc_title\">Unsere Vision und Mission<\/h2>\n<\/div>\n<div class=\"kc-elm kc-css-202993 kc_text_block\"><\/p>\n<p>Unsere Vision<\/p>\n<p>Wir wollen die beste Option f\u00fcr alle Unternehmen sein, die innovative, hochwertige und umweltfreundliche L\u00f6sungen in der Automatisierung der Produktion w\u00fcnschen. Dies gelingt uns durch die Digitalisierung der Gesch\u00e4ftsprozesse, die nachhaltige Ausrichtung unserer Arbeit und partnerschaftliche Gesch\u00e4ftsbeziehungen.<\/p>\n<p>\n<\/div><div class=\"kc-elm kc-css-675982 kc_text_block\"><\/p>\n<p>Unsere Mission<\/p>\n<p>Wir verbessern und vereinfachen die Transportsysteme und die flexiblen Konstruktionen in der Automatisierung. Mit unseren engagierten Mitarbeitern gew\u00e4hrleisten wir professionelle L\u00f6sungen nach den individuellen W\u00fcnschen unserer Auftraggeber.<\/p>\n<p>\n<\/div><\/div><\/div><div class=\"kc-elm kc-css-372882 col-lg-6 column order-1 order-md-2 p-0\"><div class=\"kc-col-container\"><div class=\"kc-elm kc-css-430317 kc_shortcode kc_single_image\">\n\n        <img decoding=\"async\" src=\"https:\/\/lipro.pro\/wp-content\/uploads\/2022\/01\/cpn.png\" class=\"\" alt=\"\" title=\"\">    <\/div>\n<\/div><\/div><\/div><\/div><\/section><section data-kc-equalheight=\"true\" data-kc-equalheight-align=\"middle\" data-kc-fullwidth=\"content\" class=\"kc-elm kc-css-180566 kc_row company-right\"><div class=\" container-fluid\"><div class=\"row\"><div class=\"kc-elm kc-css-44749 col-lg-6 column d-flex justify-content-end order-2 order-md-1 mobile-blue\"><div class=\"left-box mt-3 mt-md-0 kc-col-container\">\n<div class=\"kc-elm kc-css-774627 kc-title-wrap \">\n\n\t<h2 class=\"kc_title\">Local going Global<\/h2>\n<\/div>\n<div class=\"kc-elm kc-css-561603 kc_text_block\"><\/p>\n<p>\nNapisati katerim nakupom in kupcem je namenjana eTrgovina in da kupci, ki \u017eelijo kupiti npr. 5 matic, to opravijo v eTrgovini in ne na korpo sajtu<\/p>\n<p>\n<\/div><div class=\"kc-elm kc-css-925464 kc_text_block\"><\/p>\n<p>\nLipro d.o.o.<br \/>Dekani 20 A, 6271 Dekani, Slovenija<\/p>\n<p>t: 00386 05 625 13 43<br \/>e: info@lipro.si<\/p>\n<p>ID DDV: SI4714948<br \/>M\u0160: 1318047<\/p>\n<p>\n<\/div><\/div><\/div><div class=\"kc-elm kc-css-596130 col-lg-6 column order-1 order-md-2 p-0\"><div class=\"kc-col-container\"><div class=\"kc-elm kc-css-38808 kc_shortcode kc_single_image blue-left\">\n\n        <img decoding=\"async\" src=\"https:\/\/lipro.pro\/wp-content\/uploads\/2022\/01\/Mask-Group-14.png\" class=\"\" alt=\"\" title=\"\">    <\/div>\n<\/div><\/div><\/div><\/div><\/section><section data-kc-equalheight=\"true\" data-kc-equalheight-align=\"middle\" data-kc-fullwidth=\"content\" class=\"kc-elm kc-css-16144 kc_row company-right\"><div class=\" container-fluid\"><div class=\"row\"><div class=\"kc-elm kc-css-785770 col-lg-6 column d-flex justify-content-end order-2 order-md-1 mobile-blue\"><div class=\"left-box mt-3 mt-md-0 kc-col-container\"><div class=\"kc-elm kc-css-898482 kc_text_block\"><\/p>\n<p>Lipro d.o.o.<br \/>Dekani 20 A, 6271 Dekani, Slowenien<\/p>\n<p>t: 00386 05 625 13 43<br \/>e: <a href=\"mailto:info@lipro.si\"><b>info@lipro.si<\/b><\/a><\/p>\n<p>UID-Nummer: SI4714948<br \/>Handelsregister-Nr.: 1318047<\/p>\n<p>\n<\/div><\/div><\/div><div class=\"kc-elm kc-css-5868 col-lg-6 column order-1 order-md-2 p-0\"><div class=\"kc-col-container\"><div class=\"kc-elm kc-css-503770 kc_shortcode kc_single_image blue-left\">\n\n        <img decoding=\"async\" src=\"https:\/\/lipro.pro\/wp-content\/uploads\/2022\/01\/Mask-Group-14.png\" class=\"\" alt=\"\" title=\"\">    <\/div>\n<\/div><\/div><\/div><\/div><\/section><section class=\"kc-elm kc-css-79745 kc_row\"><div class=\" container\"><div class=\"row\"><\/div><\/div><\/section><section id=\"bg-right\" class=\"kc-elm kc-css-387985 kc_row\"><div class=\" container  buttons-section\"><div class=\"row\"><div class=\"kc-elm kc-css-478505 column col-12 col-md-8\"><div class=\"kc-col-container\">\n<div class=\"kc-elm kc-css-343856 kc-title-wrap \">\n\n\t<h2 class=\"kc_title\">Haben Sie gemerkt, dass wir der richtige Partner f\u00fcr Sie sind?<\/h2>\n<\/div>\n<div class=\"kc-elm kc-css-559878 kc_text_block\"><\/p>\n<p>Der Erfolg unseres Unternehmens h\u00e4ngt auch von der Leistung und Qualit\u00e4t unserer Lieferanten ab. Daher sind wir st\u00e4ndig bestrebt, vom Rohstoff bis zur \u00dcbergabe an den Endabnehmer, eine hohe Produktqualit\u00e4t zu gew\u00e4hrleisten.<\/p>\n<p>\n<\/div><div class=\"div-wrapper kc-elm kc-css-263608 button-wrapper\">\n<div class=\"kc-elm kc-css-783649\">\n\t<a class=\"kc_button yellow-underline text-light\" href=\"https:\/\/lipro.pro\/de\/anfragen\/?type=zusammenarbeit-als-lieferant#contact\" target=\"_self\" title=\"\" onclick=\"\">\n\t\tWerden Sie unser Lieferant\t<\/a>\n<\/div>\n<\/div><\/div><\/div><\/div><\/div><\/section><section id=\"history\" class=\"kc-elm kc-css-929830 kc_row\"><div class=\" container\"><div class=\"row\"><div class=\"kc-elm kc-css-468251 column col-md-7\"><div class=\"kc-col-container\">\n<div class=\"kc-elm kc-css-200580 kc-title-wrap \">\n\n\t<h2 class=\"kc_title\">Wichtige Meilensteine in der Geschichte<\/h2>\n<\/div>\n<div class=\"kc-elm kc-css-105994 kc_text_block\"><\/p>\n<p>Die Anf\u00e4nge von Lipro reichen bis ins Jahr 1998 zur\u00fcck, als Albert und Barbara Pribac die Gesch\u00e4ftst\u00e4tigkeit in der Familienwerkstatt in Koper aufnahmen. Wegen der Ausweitung der Gesch\u00e4ftst\u00e4tigkeit verlegte Lipro seine Gesch\u00e4ftst\u00e4tigkeit nach kurzer Zeit in die etwas gr\u00f6\u00dferen Mietr\u00e4ume in Koper.<\/p>\n<p>\n<\/div>\n<div class=\"kc-elm kc-css-721706\">\n\t<a class=\"kc_button yellow-underline\" href=\"https:\/\/lipro.pro\/de\/uber-uns\/wichtige-meilensteine-in-der-geschichte\/\" target=\"_self\" title=\"Wichtige Meilensteine in der Geschichte\" onclick=\"\">\n\t\tWeiterlesen\t<\/a>\n<\/div>\n<div class=\"kc-elm kc-css-920946 kc_text_block year\"><\/p>\n<p>\n1998<\/p>\n<p>\n<\/div><\/div><\/div><\/div><\/div><\/section><section id=\"bg-right\" class=\"kc-elm kc-css-312276 kc_row\"><div class=\" container\"><div class=\"row\"><div class=\"kc-elm kc-css-657826 column col-12 col-md-8\"><div class=\"kc-col-container\">\n<div class=\"kc-elm kc-css-368901 kc-title-wrap \">\n\n\t<h2 class=\"kc_title\">Aufnahme in den Bewerberpool<\/h2>\n<\/div>\n<div class=\"kc-elm kc-css-226666 kc_text_block\"><\/p>\n<p>Wenn aktuell keine Stellenanzeigen ausgeschrieben sind oder wenn Sie glauben, dass die ausgeschriebenen Stellen nicht Ihrem Profil entsprechen, dann k\u00f6nnen Sie sich gerne in Form einer Initiativbewerbung vorstellen. Wir nehmen Sie in unserem Bewerberpool auf und kontaktieren Sie, wenn wieder Bedarf an neuen Mitarbeitern besteht, und kontaktieren Sie, wenn wieder Bedarf an neuen Mitarbeitern besteht.<\/p>\n<p>\n<\/div>\n<div class=\"kc-elm kc-css-840440\">\n\t<a class=\"kc_button yellow-underline text-light font-weight-bold\" href=\"https:\/\/lipro.pro\/de\/anfragen\/?type=aufnahme-in-den-bewerberpool#contact\" target=\"_self\" title=\"Anfragen\" onclick=\"\">\n\t\tBewerbung und Lebenslauf abgeben.\t<\/a>\n<\/div>\n<\/div><\/div><\/div><\/div><\/section><\/p>\n","protected":false},"excerpt":{"rendered":"<p>Ein Blick in die Zukunft &#8211; die Verpflichtung der Gesch\u00e4ftsf\u00fchrung<\/p>\n","protected":false},"author":9,"featured_media":4058,"parent":0,"menu_order":0,"comment_status":"closed","ping_status":"closed","template":"page-templates\/fullwidthpage-main.php","meta":{"_acf_changed":false,"footnotes":""},"class_list":["post-7512","page","type-page","status-publish","has-post-thumbnail","hentry"],"acf":[],"_links":{"self":[{"href":"https:\/\/lipro.pro\/de\/wp-json\/wp\/v2\/pages\/7512","targetHints":{"allow":["GET"]}}],"collection":[{"href":"https:\/\/lipro.pro\/de\/wp-json\/wp\/v2\/pages"}],"about":[{"href":"https:\/\/lipro.pro\/de\/wp-json\/wp\/v2\/types\/page"}],"author":[{"embeddable":true,"href":"https:\/\/lipro.pro\/de\/wp-json\/wp\/v2\/users\/9"}],"replies":[{"embeddable":true,"href":"https:\/\/lipro.pro\/de\/wp-json\/wp\/v2\/comments?post=7512"}],"version-history":[{"count":0,"href":"https:\/\/lipro.pro\/de\/wp-json\/wp\/v2\/pages\/7512\/revisions"}],"wp:featuredmedia":[{"embeddable":true,"href":"https:\/\/lipro.pro\/de\/wp-json\/wp\/v2\/media\/4058"}],"wp:attachment":[{"href":"https:\/\/lipro.pro\/de\/wp-json\/wp\/v2\/media?parent=7512"}],"curies":[{"name":"wp","href":"https:\/\/api.w.org\/{rel}","templated":true}]}}