{"id":7498,"date":"2022-01-06T11:44:13","date_gmt":"2022-01-06T11:44:13","guid":{"rendered":"http:\/\/lipro.razvija.se\/kariera\/"},"modified":"2023-01-06T14:10:19","modified_gmt":"2023-01-06T14:10:19","slug":"karriere","status":"publish","type":"page","link":"https:\/\/lipro.pro\/de\/karriere\/","title":{"rendered":"Karriere"},"content":{"rendered":"<p><section id=\"fluid-100\" class=\"kc-elm kc-css-487094 kc_row\"><div class=\" container-fluid\"><div class=\"row\"><div class=\"kc-elm kc-css-60909 column col-md-5\"><div class=\"kc-col-container\"><div class=\"kc-elm kc-css-352916 kc_text_block pb-2\"><\/p>\n<p>Die ver\u00e4nderten Marktverh\u00e4ltnisse, die globalen Trends und der Wunsch, die Gesch\u00e4ftsf\u00fchrung und das Management auf die j\u00fcngere Generation zu \u00fcbertragen haben uns dazu motiviert, eine neue Unternehmensstrategie bis zum Jahr 2024 zu entwickeln, die auch die Personalstrategie einbezieht.<\/p>\n<p>\n<\/div><\/div><\/div><\/div><\/div><\/section><section class=\"kc-elm kc-css-401635 kc_row\"><div class=\" container\"><div class=\"row\"><div class=\"kc-elm kc-css-527878 column col-md-8\"><div class=\"kc-col-container\">\n<div class=\"kc-elm kc-css-473813 kc-title-wrap \">\n\n\t<h3 class=\"kc_title pb-2\">Unsere Personalstrategie umfasst verschiedene Bereiche:<\/h3>\n<\/div>\n<\/div><\/div><\/div><\/div><\/section><section class=\"kc-elm kc-css-425482 kc_row\"><div class=\" container\"><div class=\"row\"><div class=\"kc-elm kc-css-136972 column col-md-8\"><div class=\"kc-col-container\"><div class=\"kc-elm kc-css-511106 kc_shortcode kc_single_image\">\n\n        <img decoding=\"async\" src=\"https:\/\/lipro.pro\/wp-content\/uploads\/2022\/05\/1.svg\" class=\"\" alt=\"\" title=\"\">    <\/div>\n<div class=\"kc-elm kc-css-577527 kc_text_block\"><\/p>\n<h5>1. Das Kompetenzmodell und seine Werte<\/h5>\n<p>Wir entwickeln aktiv die festgelegten Schl\u00fcsselkompetenzen: Kommunikationsfertigkeit, Teamarbeit, Flei\u00df, Flexibilit\u00e4t, Ausdauer, pers\u00f6nliche und berufliche Weiterbildung.<\/p>\n<p>Au\u00dferdem pflegen wir eine Organisationskultur, die auf den ausgew\u00e4hlten Werten basiert, die wir uns als Leitlinien f\u00fcr unser Handeln und unser Verhalten gesetzt haben. Dementsprechend \u00e4u\u00dfern sich diese Werte als wichtigste erw\u00fcnschte Verhaltensweise der Angestellten, die die Organisationskultur und die Gesch\u00e4ftsergebnisse entscheidend beeinflussen.<\/p>\n<p>\n<\/div><\/div><\/div><div class=\"kc-elm kc-css-881583 column col-md-8\"><div class=\"kc-col-container\"><div class=\"kc-elm kc-css-415905 kc_shortcode kc_single_image\">\n\n        <img decoding=\"async\" src=\"https:\/\/lipro.pro\/wp-content\/uploads\/2022\/05\/2.svg\" class=\"\" alt=\"\" title=\"\">    <\/div>\n<div class=\"kc-elm kc-css-848567 kc_text_block\"><\/p>\n<h5>2. Mitarbeitergewinnung<\/h5>\n<p>Auf der Grundlage der Bedarfsanalyse zur Ermittlung des Bedarfs an neuen Mitarbeitern f\u00fchren wir Gespr\u00e4che durch, bei denen wir \u00fcber eine offene Kommunikation erkennen, ob der Bewerber die entsprechenden Werte und Kompetenzen f\u00fcr eine Zusammenarbeit mit unserem Unternehmen besitzt.<\/p>\n<p>\n<\/div><\/div><\/div><div class=\"kc-elm kc-css-888193 column col-md-8\"><div class=\"kc-col-container\"><div class=\"kc-elm kc-css-107628 kc_shortcode kc_single_image\">\n\n        <img decoding=\"async\" src=\"https:\/\/lipro.pro\/wp-content\/uploads\/2022\/05\/4.svg\" class=\"\" alt=\"\" title=\"\">    <\/div>\n<div class=\"kc-elm kc-css-544320 kc_text_block\"><\/p>\n<h5>3. Personalentwicklung<\/h5>\n<p>Wir betreuen jeden neuen Mitarbeiter intensiv durch monatliche gezielte Gespr\u00e4che, die sich positiv auf die erfolgreiche Einbindung ins Team, seine Kreativit\u00e4t, Motivation und Innovation auswirken.<\/p>\n<p>\n<\/div><\/div><\/div><div class=\"kc-elm kc-css-559501 column col-md-8\"><div class=\"kc-col-container\"><div class=\"kc-elm kc-css-897506 kc_shortcode kc_single_image\">\n\n        <img decoding=\"async\" src=\"https:\/\/lipro.pro\/wp-content\/uploads\/2022\/05\/5.svg\" class=\"\" alt=\"\" title=\"\">    <\/div>\n<div class=\"kc-elm kc-css-355138 kc_text_block\"><\/p>\n<h5>4. Mentoring und praktische Ausbildung f\u00fcr Sch\u00fcler und Studenten<\/h5>\n<p>Durch die Einf\u00fchrung des Mentorings motivieren und pflegen wir die Beweglichkeit und Flexibilit\u00e4t der Mitarbeiter, unterst\u00fctzen sie beim Erwerb neuer Kenntnisse, Fertigkeiten und Kompetenzen und sprechen mit ihnen offen \u00fcber die Zukunft. \u00a0Das Mentoring f\u00fchren wir generations\u00fcbergreifend mit allen neuen Mitarbeitern im Rahmen der praktischen Weiterbildung von Sch\u00fclern und Studenten sowie beim Wissenstransfer unter den Mitarbeitern durch.<\/p>\n<p>\n<\/div><\/div><\/div><div class=\"kc-elm kc-css-205810 column col-md-8\"><div class=\"kc-col-container\"><div class=\"kc-elm kc-css-231441 kc_shortcode kc_single_image\">\n\n        <img decoding=\"async\" src=\"https:\/\/lipro.pro\/wp-content\/uploads\/2022\/05\/3.svg\" class=\"\" alt=\"\" title=\"\">    <\/div>\n<div class=\"kc-elm kc-css-515103 kc_text_block\"><\/p>\n<h5>5. Fortbildung<\/h5>\n<p>Wir motivieren unsere Mitarbeiter, sich in verschiedenen Fachbereichen fortzubilden. Au\u00dferdem organisieren wir Workshops zu Themen wie emotionale Intelligenz, Zeitmanagement und Stressbew\u00e4ltigung, wobei wir auch regelm\u00e4\u00dfig sportliche Aktivit\u00e4ten w\u00e4hrend der Arbeitszeit anbieten. Dabei halten wir uns vor Augen, dass nur ein k\u00f6rperlich und seelisch gesunder Mitarbeiter in der Lage ist, konstruktiv zu kommunizieren und im Team zusammenzuarbeiten sowie sich schnell und effektiv an alle wichtige \u00c4nderungen anzupassen.<\/p>\n<p>\n<\/div><\/div><\/div><\/div><\/div><\/section><section id=\"bg-right\" class=\"kc-elm kc-css-526020 kc_row\"><div class=\" container  buttons-section\"><div class=\"row\"><div class=\"kc-elm kc-css-776187 column col-12 col-md-8\"><div class=\"kc-col-container\">\n<div class=\"kc-elm kc-css-309677 kc-title-wrap \">\n\n\t<h2 class=\"kc_title\">Politika zaposlovanja in razvoj kariere<\/h2>\n<\/div>\n<div class=\"kc-elm kc-css-890529 kc_text_block\"><\/p>\n<p>Sint occaecat cupidatat non proident, sunt in culpa qui officia deserunt mollit anim id est laborum. Sed ut perspiciatis iste natus error sit amet lorem ipsum<\/p>\n<p>\n<\/div>\n<div class=\"kc-elm kc-css-610664\">\n\t<a class=\"kc_button yellow-underline text-light font-weight-bold\" href=\"https:\/\/lipro.pro\/kariera\/politika-zaposlovanja-in-razvoj-kadrov\/\" target=\"_self\" title=\"Politika zaposlovanja in razvoj kadrov\" onclick=\"\">\n\t\tPreberi ve\u010d\t<\/a>\n<\/div>\n<\/div><\/div><\/div><\/div><\/section><section id=\"bg-left\" class=\"kc-elm kc-css-757623 kc_row\"><div class=\" container  right-fp-img\"><div class=\"row\"><div class=\"kc-elm kc-css-91645 column col-12 col-md-8\"><div class=\"kc-col-container\">\n<div class=\"kc-elm kc-css-822265 kc-title-wrap \">\n\n\t<h2 class=\"kc_title\">Programa \u0161tipendiranja dijakov Srednje tehni\u0161ke \u0161ole Koper<\/h2>\n<\/div>\n<div class=\"kc-elm kc-css-898798 kc_text_block\"><\/p>\n<p>Napisati katerim nakupom in kupcem je namenjana eTrgovina in da kupci, ki \u017eelijo kupiti npr. 5 matic, to opravijo v eTrgovini in ne na korpo sajtu<\/p>\n<p>\n<\/div>\n<div class=\"kc-elm kc-css-201966\">\n\t<a class=\"kc_button yellow-underline text-light font-weight-bold\" href=\"#\" onclick=\"\">\n\t\tPreberi ve\u010d\t<\/a>\n<\/div>\n<\/div><\/div><\/div><\/div><\/section><section id=\"career-section\" class=\"kc-elm kc-css-911576 kc_row\"><div class=\" container\"><div class=\"row\"><div class=\"kc-elm kc-css-715586 col-lg-12 column col-12\"><div class=\"kc-col-container\"><div class=\"kc-elm kc-css-294051 kc-raw-code\">\r\n<section id=\"career-section\">\r\n    <div class=\"container\">\r\n\r\n    <h2 class=\"mb-4\">Stellenangebote<\/h2>\r\n\r\n\r\n        \r\n        <div class=\"row\">\r\n            <div class=\"col-12 col-lg-7\">\r\n\r\n                <div>\r\n                                            <span> <div>Derzeit sind keine Stellen ausgeschrieben. Wir laden Sie ein,\u00a0<strong><a href=\"https:\/\/lipro.pro\/de\/anfragen\/?type=aufnahme-in-den-bewerberpool#contact\">sich in unserer Datenbank von Stellensuchenden zu bewerben<\/a><\/strong>.<\/div>\n <\/span>\r\n                                    <\/div>\r\n\r\n            <\/div>\r\n        <\/div>\r\n\r\n\r\n        \r\n\r\n\r\n\r\n\r\n    <\/div>\r\n<\/section>\r\n\r\n\r\n\r\n<\/div><\/div><\/div><\/div><\/div><\/section><section class=\"kc-elm kc-css-109906 kc_row career-row\"><div class=\" container\"><div class=\"row\"><div class=\"kc-elm kc-css-41682 col-lg-12 column col-12\"><div class=\"kc-col-container\"><div class=\"div-wrapper kc-elm kc-css-89068 career-inner\">\n<div class=\"kc-elm kc-css-961992 kc-title-wrap \">\n\n\t<h2 class=\"kc_title\">Aufnahme in den Bewerberpool<\/h2>\n<\/div>\n<div class=\"kc-elm kc-css-69900 kc_text_block\"><\/p>\n<p>Wenn aktuell keine Stellenanzeigen ausgeschrieben sind oder wenn Sie glauben, dass die ausgeschriebenen Stellen nicht Ihrem Profil entsprechen, dann k\u00f6nnen Sie sich gerne in Form einer Initiativbewerbung vorstellen. Wir nehmen Sie in unserem Bewerberpool auf und kontaktieren Sie, wenn wieder Bedarf an neuen Mitarbeitern besteht, und kontaktieren Sie, wenn wieder Bedarf an neuen Mitarbeitern besteht.<\/p>\n<p>\n<\/div>\n<div class=\"kc-elm kc-css-957835\">\n\t<a class=\"kc_button yellow-underline text-light font-weight-bold\" href=\"https:\/\/lipro.pro\/de\/anfragen\/?type=aufnahme-in-den-bewerberpool#contact\" target=\"_self\" title=\"Anfragen\" onclick=\"\">\n\t\tBewerbung und Lebenslauf abgeben.\t<\/a>\n<\/div>\n<\/div><\/div><\/div><\/div><\/div><\/section><\/p>\n","protected":false},"excerpt":{"rendered":"<p>Unser Team von engagierten Mitarbeitern gew\u00e4hrleistet kundenindividuelle L\u00f6sungen nach Ma\u00df in der Automatisierung der Produktion auf dem slowenischen und europ\u00e4ischen Markt.<\/p>\n","protected":false},"author":9,"featured_media":9133,"parent":0,"menu_order":0,"comment_status":"closed","ping_status":"closed","template":"page-templates\/fullwidthpage-main.php","meta":{"_acf_changed":false,"footnotes":""},"class_list":["post-7498","page","type-page","status-publish","has-post-thumbnail","hentry"],"acf":[],"_links":{"self":[{"href":"https:\/\/lipro.pro\/de\/wp-json\/wp\/v2\/pages\/7498","targetHints":{"allow":["GET"]}}],"collection":[{"href":"https:\/\/lipro.pro\/de\/wp-json\/wp\/v2\/pages"}],"about":[{"href":"https:\/\/lipro.pro\/de\/wp-json\/wp\/v2\/types\/page"}],"author":[{"embeddable":true,"href":"https:\/\/lipro.pro\/de\/wp-json\/wp\/v2\/users\/9"}],"replies":[{"embeddable":true,"href":"https:\/\/lipro.pro\/de\/wp-json\/wp\/v2\/comments?post=7498"}],"version-history":[{"count":0,"href":"https:\/\/lipro.pro\/de\/wp-json\/wp\/v2\/pages\/7498\/revisions"}],"wp:featuredmedia":[{"embeddable":true,"href":"https:\/\/lipro.pro\/de\/wp-json\/wp\/v2\/media\/9133"}],"wp:attachment":[{"href":"https:\/\/lipro.pro\/de\/wp-json\/wp\/v2\/media?parent=7498"}],"curies":[{"name":"wp","href":"https:\/\/api.w.org\/{rel}","templated":true}]}}