{"id":6795,"date":"2022-01-06T10:44:20","date_gmt":"2022-01-06T10:44:20","guid":{"rendered":"http:\/\/lipro.razvija.se\/?page_id=6795"},"modified":"2024-01-16T13:20:21","modified_gmt":"2024-01-16T13:20:21","slug":"avtomatizacija-proizvodnih-procesov-in-transportnih-sistemov","status":"publish","type":"page","link":"https:\/\/lipro.pro\/de\/","title":{"rendered":"Transportlinien und flexible Konstruktionen in der Automatisierung"},"content":{"rendered":"<p><section class=\"kc-elm kc-css-939981 kc_row\"><div class=\" container\"><div class=\"row\"><div class=\"kc-elm kc-css-103347 col-lg-12 column col-12\"><div class=\"kc-col-container\"><div class=\"kc-elm kc-css-502776 kc-raw-code\">\r\n<div class=\"parent\">\r\n    <div class=\"content-block\">\r\n        <h2>Ein Team aus engagierten Mitarbeitern mit ausgezeichnetem Fachwissen<\/h2>\r\n        <h4 class=\"font-weight-normal mt-2 d-inline-block\">Wir gew\u00e4hrleisten kundenindividuelle L\u00f6sungen in der Automatisierung der Produktion auf dem slowenischen und europ\u00e4ischen Markt.<\/h4>\r\n\r\n        <div class=\"btn-group mt-3\">\r\n\r\n                        <a href=\"https:\/\/lipro.pro\/de\/produkte-und-dienstleistungen\/\"\r\n                class=\"btn btn-primary font-weight-bold\">Produkte und Dienstleistungen<\/a>\r\n            \r\n                        <a href=\"https:\/\/lipro.pro\/de\/uber-uns\/\"\r\n                class=\"yellow-underline text-warning font-weight-bold ml-md-3 mt-2 mt-md-0\">\u00dcber das Unternehmen<\/a>\r\n            \r\n        <\/div>\r\n    <\/div>\r\n    <div class=\"icon-block-1 d-flex flex-row align-items-end mt-7 mt-md-0 mb-4 mb-md-0\">\r\n        <div class=\"img-wrapper mr-3\">\r\n            <img decoding=\"async\" src=\"https:\/\/lipro.pro\/wp-content\/uploads\/2022\/01\/Group-612.svg\" alt=\"\" title=\"\">\r\n        <\/div>\r\n        <h3 class=\"font-weight-bold d-inline-block \">Flexibilit\u00e4t in der Zusammenarbeit<\/h3>\r\n    <\/div>\r\n    <div class=\"icon-block-2 d-flex flex-row-reverse align-items-baseline ml-auto\">\r\n        <div class=\"img-wrapper ml-3\">\r\n            <img decoding=\"async\" src=\"https:\/\/lipro.pro\/wp-content\/uploads\/2022\/01\/Group-613.svg\" alt=\"\" title=\"\">\r\n        <\/div>\r\n        <h3 class=\"font-weight-bold d-inline-block text-right\">Erstklassiger Kundenservice<\/h3>\r\n    <\/div>\r\n<\/div>\r\n\r\n\r\n<\/div><\/div><\/div><\/div><\/div><\/section><section id=\"gray-intro\" class=\"kc-elm kc-css-142136 kc_row\"><div class=\" container\"><div class=\"row\"><div class=\"kc-elm kc-css-526230 column col-12 col-md-6\"><div class=\"kc-col-container\">\n<div class=\"kc-elm kc-css-114969 kc-title-wrap \">\n\n\t<h2 class=\"kc_title\">Unsere Produkte und Dienstleistungen<\/h2>\n<\/div>\n<div class=\"kc-elm kc-css-665683 kc_text_block\"><\/p>\n<p>Wir entwickeln Transportlinien und flexible Konstruktionen in der Automatisierung der Produktion.<\/p>\n<p>\n<\/div><\/div><\/div><\/div><\/div><\/section><section id=\"gm1\" class=\"kc-elm kc-css-607670 kc_row\"><div class=\" container  gray-main\"><div class=\"row\"><div class=\"kc-elm kc-css-168461 column col-lg-8 order-2 order-md-1\"><div class=\"kc-col-container\">\n<div class=\"kc-elm kc-css-767804 kc-title-wrap \">\n\n\t<h3 class=\"kc_title gray-block-separator\">F\u00f6rderer<\/h3>\n<\/div>\n<div class=\"kc-elm kc-css-154525 kc_text_block\"><\/p>\n<p>Der Gurtf\u00f6rderer ist in der Automatisierung unentbehrlich.<\/p>\n<p>Wir stellen verschiedene Arten von Gurtf\u00f6rderer her: in gerader, geneigter oder kombinierter Ausf\u00fchrung.<\/p>\n<p>Durch den Einbau von verschiedenen Gurtb\u00e4ndern \u00f6ffnen sich Ihnen vielz\u00e4hlige Einsatzm\u00f6glichkeiten.<\/p>\n<p>\n<\/div>\n<div class=\"kc-elm kc-css-595809\">\n\t<a class=\"kc_button yellow-underline\" href=\"https:\/\/lipro.pro\/de\/produkte-und-dienstleistungen\/foerderer\/\" target=\"_self\" title=\"F\u00f6rderer\" onclick=\"\">\n\t\tAlle F\u00f6rderer ansehen\t<\/a>\n<\/div>\n<\/div><\/div><div class=\"kc-elm kc-css-666683 column col-lg-3 order-1 order-md-2\"><div class=\"kc-col-container\"><div class=\"kc-elm kc-css-211804 kc_shortcode kc_single_image\">\n\n        <img decoding=\"async\" src=\"https:\/\/lipro.pro\/wp-content\/uploads\/2022\/01\/1.png\" class=\"\" alt=\"\" title=\"\">    <\/div>\n<\/div><\/div><\/div><\/div><\/section><section id=\"gm2\" class=\"kc-elm kc-css-542103 kc_row\"><div class=\" container  gray-main\"><div class=\"row\"><div class=\"kc-elm kc-css-413600 column col-lg-8 order-2 order-md-1\"><div class=\"kc-col-container\">\n<div class=\"kc-elm kc-css-720273 kc-title-wrap \">\n\n\t<h3 class=\"kc_title gray-block-separator\">F\u00f6rdersysteme<\/h3>\n<\/div>\n<div class=\"kc-elm kc-css-470680 kc_text_block\"><\/p>\n<p>F\u00f6rdersysteme bieten ganzheitliche L\u00f6sungen in der Automatisierung der Produktion.<\/p>\n<p>F\u00fcr den Transport von G\u00fctern stellen wir Gurt-, Ketten- und Walzenf\u00f6rderer mit pr\u00e4ziser Positionierung her.<\/p>\n<p>Trotz der Standardelemente ist jede L\u00f6sung ein Unikat und die F\u00f6rderer werden ma\u00dfgeschneidert nach den technischen Anforderungen des Kunden hergestellt.<\/p>\n<p>\n<\/div>\n<div class=\"kc-elm kc-css-49094\">\n\t<a class=\"kc_button yellow-underline\" href=\"https:\/\/lipro.pro\/de\/produkte-und-dienstleistungen\/foerdersysteme\/\" target=\"_self\" title=\"F\u00f6rdersysteme\" onclick=\"\">\n\t\tAlle F\u00f6rdersysteme ansehen\t<\/a>\n<\/div>\n<\/div><\/div><div class=\"kc-elm kc-css-506791 column col-lg-3 order-1 order-md-2\"><div class=\"kc-col-container\"><div class=\"kc-elm kc-css-495194 kc_shortcode kc_single_image\">\n\n        <img decoding=\"async\" src=\"https:\/\/lipro.pro\/wp-content\/uploads\/2022\/01\/2-e1643980169172.png\" class=\"\" alt=\"\" title=\"\">    <\/div>\n<\/div><\/div><\/div><\/div><\/section><section id=\"gm3\" class=\"kc-elm kc-css-861557 kc_row\"><div class=\" container  gray-main\"><div class=\"row\"><div class=\"kc-elm kc-css-979737 column col-lg-8 order-2 order-md-1\"><div class=\"kc-col-container\">\n<div class=\"kc-elm kc-css-594330 kc-title-wrap \">\n\n\t<h3 class=\"kc_title gray-block-separator\">Modulare Systeme<\/h3>\n<\/div>\n<div class=\"kc-elm kc-css-229549 kc_text_block\"><\/p>\n<p>Bei der Herstellung von modularen Systemen z\u00e4hlen Aluminium-Profile heutzutage zu den wirtschaftlichsten und flexibelsten L\u00f6sungen \u00fcberhaupt.<\/p>\n<p>\n<\/div>\n<div class=\"kc-elm kc-css-806862\">\n\t<a class=\"kc_button yellow-underline\" href=\"https:\/\/lipro.pro\/de\/produkte-und-dienstleistungen\/modulare-systeme\/\" target=\"_self\" title=\"Modulare Systeme\" onclick=\"\">\n\t\tAlle modularen Systeme ansehen\t<\/a>\n<\/div>\n<\/div><\/div><div class=\"kc-elm kc-css-529999 column col-lg-3 order-1 order-md-2\"><div class=\"kc-col-container\"><div class=\"kc-elm kc-css-953261 kc_shortcode kc_single_image\">\n\n        <img decoding=\"async\" src=\"https:\/\/lipro.pro\/wp-content\/uploads\/2022\/01\/3.png\" class=\"\" alt=\"\" title=\"\">    <\/div>\n<\/div><\/div><\/div><\/div><\/section><section class=\"kc-elm kc-css-430793 kc_row\"><div class=\" container\"><div class=\"row\"><div class=\"kc-elm kc-css-489598 col-lg-12 column col-12\"><div class=\"kc-col-container\"><div class=\"clear\"><\/div>\n<div class=\"mod-id-768192 kc-elm kc-css-768192 kc-raw-code emigma-section-intro-outer\">\n    <div class=\"row\">\n        <div class=\"col-12 d-flex align-items-md-center align-items-baseline justify-content-start justify-content-md-between flex-column flex-md-row mb-3 mb-md-0\">\n            <div class=\"d-flex align-items-center mb-3 mb-md-0\">\n                                <h3 class=\"mb-0 light\">Letzte Neuigkeiten<\/h3>                            <\/div>\n                                        <div class=\"d-flex align-items-center flex-row ml-md-3 my-lg-3 ml-md-auto\">\n                    <a class=\"yellow-underline text-secondary\" href=\"https:\/\/lipro.pro\/de\/bloggen\/\">Alle Nachrichten<\/a>\n                <\/div>\n                    <\/div>\n    <\/div>\n<\/div>\n<div class=\"clear\"><\/div>\n<div class=\"kc-elm kc-css-129688 post-grid list-post layout-grid-2 category \">\t\t\t\t<article class=\"post-item post-14169 post type-post status-publish format-standard hentry category-fachartikel\" id=\"post-14169\">\n    <div class=\"card c-post\" href=\"https:\/\/lipro.pro\/de\/fachartikel\/comparison-of-modular-systems-and-welded-structures-in-industrial-automation\/\" rel=\"article\">\n            <content class=\"card-body d-flex flex-column justify-content-end\" style=\"background-color:#123E92;\">\n        <div class=\"content-top\">   \n        <div class=\"entry-meta d-flex justify-content-between align-items-baseline\">\n            <span>06. 03. 2026<\/span>\n            <span class=\"text-right btn btn-primary font-weight-bold\"> <ul class=\"post-categories\">\n\t<li><a href=\"https:\/\/lipro.pro\/de\/category\/fachartikel\/\" rel=\"category tag\">Fachartikel<\/a><\/li><\/ul>  <\/span>\n        <\/div>\n    <\/div>\n        <div class=\"content-main mb-2 mt-auto pr-md-6\">\n            <h3 class=\"entry-title\">COMPARISON OF MODULAR SYSTEMS AND WELDED STRUCTURES IN INDUSTRIAL AUTOMATION<\/h3>\n            <div>\n                                    <a href=\"https:\/\/lipro.pro\/de\/fachartikel\/comparison-of-modular-systems-and-welded-structures-in-industrial-automation\/\" class=\"btn btn-outline-info text-info\"> Weiterlesen<\/a>  \n                            <\/div>\n        <\/div>\n        \n    <\/content>\n    <\/div>\n<\/article>\t\t\t\t\t\t\t\t<article class=\"post-item post-14106 post type-post status-publish format-standard has-post-thumbnail hentry category-nachrichten\" id=\"post-14106\">\n    <div class=\"card c-post\" href=\"https:\/\/lipro.pro\/de\/nachrichten\/frohes-neues-jahr-2026\/\" rel=\"article\">\n            <content class=\"card-body d-flex flex-column justify-content-end\" style=\"background-image: linear-gradient(90deg, rgba(0,0,0,0.3) 0%, rgba(0,0,0,0.3) 100%), url(https:\/\/lipro.pro\/wp-content\/uploads\/2025\/12\/Prikazna-slika-1.jpg);\">\n        <div class=\"content-top\">   \n        <div class=\"entry-meta d-flex justify-content-between align-items-baseline\">\n            <span>18. 12. 2025<\/span>\n            <span class=\"text-right btn btn-primary font-weight-bold\"> <ul class=\"post-categories\">\n\t<li><a href=\"https:\/\/lipro.pro\/de\/category\/nachrichten\/\" rel=\"category tag\">Nachrichten<\/a><\/li><\/ul>  <\/span>\n        <\/div>\n    <\/div>\n        <div class=\"content-main mb-2 mt-auto pr-md-6\">\n            <h3 class=\"entry-title\">Frohes neues Jahr 2026!<\/h3>\n            <div>\n                                    <a href=\"https:\/\/lipro.pro\/de\/nachrichten\/frohes-neues-jahr-2026\/\" class=\"btn btn-outline-info text-info\"> Weiterlesen<\/a>  \n                            <\/div>\n        <\/div>\n        \n    <\/content>\n    <\/div>\n<\/article>\t\t\t\t\t\t\t\t<article class=\"post-item post-14020 post type-post status-publish format-standard has-post-thumbnail hentry category-neue-produkte\" id=\"post-14020\">\n    <div class=\"card c-post\" href=\"https:\/\/lipro.pro\/de\/neue-produkte\/new-type-of-roller-curve\/\" rel=\"article\">\n            <content class=\"card-body d-flex flex-column justify-content-end\" style=\"background-image: linear-gradient(90deg, rgba(0,0,0,0.3) 0%, rgba(0,0,0,0.3) 100%), url(https:\/\/lipro.pro\/wp-content\/uploads\/2025\/11\/Nov-tip-krivine-prezentacija-square-ANG.jpg);\">\n        <div class=\"content-top\">   \n        <div class=\"entry-meta d-flex justify-content-between align-items-baseline\">\n            <span>10. 11. 2025<\/span>\n            <span class=\"text-right btn btn-primary font-weight-bold\"> <ul class=\"post-categories\">\n\t<li><a href=\"https:\/\/lipro.pro\/de\/category\/neue-produkte\/\" rel=\"category tag\">Neue Produkte<\/a><\/li><\/ul>  <\/span>\n        <\/div>\n    <\/div>\n        <div class=\"content-main mb-2 mt-auto pr-md-6\">\n            <h3 class=\"entry-title\">New type of roller curve<\/h3>\n            <div>\n                                    <a href=\"https:\/\/lipro.pro\/de\/neue-produkte\/new-type-of-roller-curve\/\" class=\"btn btn-outline-info text-info\"> Weiterlesen<\/a>  \n                            <\/div>\n        <\/div>\n        \n    <\/content>\n    <\/div>\n<\/article>\t\t\t\t\t\t\t\t<article class=\"post-item post-13736 post type-post status-publish format-standard hentry category-nachrichten\" id=\"post-13736\">\n    <div class=\"card c-post\" href=\"https:\/\/lipro.pro\/de\/nachrichten\/notice\/\" rel=\"article\">\n            <content class=\"card-body d-flex flex-column justify-content-end\" style=\"background-color:#123E92;\">\n        <div class=\"content-top\">   \n        <div class=\"entry-meta d-flex justify-content-between align-items-baseline\">\n            <span>09. 12. 2024<\/span>\n            <span class=\"text-right btn btn-primary font-weight-bold\"> <ul class=\"post-categories\">\n\t<li><a href=\"https:\/\/lipro.pro\/de\/category\/nachrichten\/\" rel=\"category tag\">Nachrichten<\/a><\/li><\/ul>  <\/span>\n        <\/div>\n    <\/div>\n        <div class=\"content-main mb-2 mt-auto pr-md-6\">\n            <h3 class=\"entry-title\">NOTICE<\/h3>\n            <div>\n                                    <a href=\"https:\/\/lipro.pro\/de\/nachrichten\/notice\/\" class=\"btn btn-outline-info text-info\"> Weiterlesen<\/a>  \n                            <\/div>\n        <\/div>\n        \n    <\/content>\n    <\/div>\n<\/article>\t\t\t\t<\/div><\/div><\/div><\/div><\/div><\/section><section id=\"bg-right\" class=\"kc-elm kc-css-851651 kc_row\"><div class=\" container\"><div class=\"row\"><div class=\"kc-elm kc-css-189455 column col-md-8\"><div class=\"kc-col-container\">\n<div class=\"kc-elm kc-css-31501 kc-title-wrap \">\n\n\t<h2 class=\"kc_title\">Spletna trgovina polna prilo\u017enosti<\/h2>\n<\/div>\n<div class=\"kc-elm kc-css-960702 kc_text_block\"><\/p>\n<p>\nPotrebuje\u0161 samo profil ali nekaj vija\u010dnega materiala? Klikni na spodnjo povezavo do eTrgovine in postrezi si sam.<\/p>\n<p>\n<\/div>\n<div class=\"kc-elm kc-css-862537\">\n\t<a class=\"kc_button yellow-underline text-light\" href=\"https:\/\/lipro.shop\/\" target=\"_blank\" title=\"\" onclick=\"\" rel=\"noopener\">\n\t\tObi\u0161\u010di spletno trgovino\t<\/a>\n<\/div>\n<\/div><\/div><\/div><\/div><\/section><section id=\"bg-left\" class=\"kc-elm kc-css-473627 kc_row\"><div class=\" container  right-fp-img\"><div class=\"row\"><div class=\"kc-elm kc-css-198877 column col-12 col-md-8\"><div class=\"kc-col-container\">\n<div class=\"kc-elm kc-css-66440 kc-title-wrap \">\n\n\t<h2 class=\"kc_title\">Kundenservice nach Ma\u00df<\/h2>\n<\/div>\n<div class=\"kc-elm kc-css-271818 kc_text_block\"><\/p>\n<p>Haben Sie irgendwelche Fragen oder Sonderw\u00fcnsche? Kontaktieren Sie unsere Mitarbeiter, die Ihnen gerne behilflich sein werden.<\/p>\n<p>\n<\/div>\n<div class=\"kc-elm kc-css-475470\">\n\t<a class=\"kc_button yellow-underline text-light\" href=\"https:\/\/lipro.pro\/de\/kundenservice\/\" target=\"_self\" title=\"Kundenservice\" onclick=\"\">\n\t\tMehr erfahren\t<\/a>\n<\/div>\n<\/div><\/div><\/div><\/div><\/section><\/p>\n","protected":false},"excerpt":{"rendered":"","protected":false},"author":9,"featured_media":0,"parent":0,"menu_order":0,"comment_status":"closed","ping_status":"closed","template":"","meta":{"_acf_changed":false,"footnotes":""},"class_list":["post-6795","page","type-page","status-publish","hentry"],"acf":[],"_links":{"self":[{"href":"https:\/\/lipro.pro\/de\/wp-json\/wp\/v2\/pages\/6795","targetHints":{"allow":["GET"]}}],"collection":[{"href":"https:\/\/lipro.pro\/de\/wp-json\/wp\/v2\/pages"}],"about":[{"href":"https:\/\/lipro.pro\/de\/wp-json\/wp\/v2\/types\/page"}],"author":[{"embeddable":true,"href":"https:\/\/lipro.pro\/de\/wp-json\/wp\/v2\/users\/9"}],"replies":[{"embeddable":true,"href":"https:\/\/lipro.pro\/de\/wp-json\/wp\/v2\/comments?post=6795"}],"version-history":[{"count":0,"href":"https:\/\/lipro.pro\/de\/wp-json\/wp\/v2\/pages\/6795\/revisions"}],"wp:attachment":[{"href":"https:\/\/lipro.pro\/de\/wp-json\/wp\/v2\/media?parent=6795"}],"curies":[{"name":"wp","href":"https:\/\/api.w.org\/{rel}","templated":true}]}}