{"id":6496,"date":"2022-08-04T07:49:09","date_gmt":"2022-08-04T07:49:09","guid":{"rendered":"http:\/\/lipro.razvija.se\/?page_id=6496"},"modified":"2023-01-06T09:17:31","modified_gmt":"2023-01-06T09:17:31","slug":"wichtige-meilensteine-in-der-geschichte","status":"publish","type":"page","link":"https:\/\/lipro.pro\/de\/uber-uns\/wichtige-meilensteine-in-der-geschichte\/","title":{"rendered":"Wichtige Meilensteine in der Geschichte"},"content":{"rendered":"<p><section class=\"kc-elm kc-css-861247 kc_row\"><div class=\" container\"><div class=\"row\"><div class=\"kc-elm kc-css-161666 col-lg-12 column col-12\"><div class=\"kc-col-container\">\n<div class=\"kc-elm kc-css-944561 kc-title-wrap \">\n\n\t<h2 class=\"kc_title\">Wichtige Meilensteine in der Geschichte<\/h2>\n<\/div>\n<\/div><\/div><\/div><\/div><\/section><section id=\"history\" class=\"kc-elm kc-css-364442 kc_row\"><div class=\" container\"><div class=\"row\"><div class=\"kc-elm kc-css-232043 column col-md-7\"><div class=\"kc-col-container\"><div class=\"kc-elm kc-css-82959 kc_text_block\"><\/p>\n<p>Die Anf\u00e4nge von Lipro reichen bis ins Jahr 1998 zur\u00fcck, als Albert und Barbara Pribac die Gesch\u00e4ftst\u00e4tigkeit in der Familienwerkstatt in Koper aufnehmen. Wegen der Ausweitung der Gesch\u00e4ftst\u00e4tigkeit verlegt Lipro seine Gesch\u00e4ftst\u00e4tigkeit nach kurzer Zeit in die etwas gr\u00f6\u00dferen Mietr\u00e4ume in Koper.<\/p>\n<p>\n<\/div><div class=\"kc-elm kc-css-576514 kc_text_block year\"><\/p>\n<p>1998-2003<\/p>\n<p>\n<\/div><\/div><\/div><\/div><\/div><\/section><section id=\"history\" class=\"kc-elm kc-css-934267 kc_row\"><div class=\" container\"><div class=\"row\"><div class=\"kc-elm kc-css-964817 column col-md-7\"><div class=\"kc-col-container\"><div class=\"kc-elm kc-css-370110 kc_text_block\"><\/p>\n<p>Die guten Arbeitsergebnisse erm\u00f6glichen den Bau einer neuen Halle in unmittelbarer N\u00e4he mit gr\u00f6\u00dferen Produktionskapazit\u00e4ten. Das Unternehmen entwickelt und produziert das erste Kettenpalettensystem PSC-90. Es folgt die Herausgabe des ersten Katalogs \u201eDas Modularsystem\u201c. 2006 wird dem Unternehmen auf der 12. Messe TEROTECH &#8211; Internationale Messe f\u00fcr Instandhaltung und Reinigung in Celje die Bronzeauszeichnung f\u00fcr dieses Programm verliehen.<\/p>\n<p>\n<\/div><div class=\"kc-elm kc-css-541481 kc_text_block year\"><\/p>\n<p>2004-2007<\/p>\n<p>\n<\/div><\/div><\/div><\/div><\/div><\/section><section id=\"history\" class=\"kc-elm kc-css-552821 kc_row\"><div class=\" container\"><div class=\"row\"><div class=\"kc-elm kc-css-883190 column col-md-7\"><div class=\"kc-col-container\"><div class=\"kc-elm kc-css-594155 kc_text_block\"><\/p>\n<p>Das Unternehmen blickt auf 10 Jahre erfolgreiche Gesch\u00e4ftst\u00e4tigkeit zur\u00fcck. Im Jahr 2009 erscheint der Katalog \u00fcber die F\u00f6rderer TB. Lipro entwickelt das F\u00f6rdersystem PS-Solar, die angetriebene Rollenschiene PSR 50\/60 sowie das modulare Rohrsystem, wof\u00fcr das Lipro auf der 16. Messe TEROTECH in Celje die Silberauszeichnung verliehen bekommt. Es erscheint der Katalog \u00fcber F\u00f6rdersysteme.<\/p>\n<p>\n<\/div><div class=\"kc-elm kc-css-987339 kc_text_block year\"><\/p>\n<p>2008-2013<\/p>\n<p>\n<\/div><\/div><\/div><\/div><\/div><\/section><section id=\"history\" class=\"kc-elm kc-css-815972 kc_row\"><div class=\" container\"><div class=\"row\"><div class=\"kc-elm kc-css-58058 column col-md-7\"><div class=\"kc-col-container\"><div class=\"kc-elm kc-css-285974 kc_text_block\"><\/p>\n<p>Im Januar 2014 zieht das Unternehmen an den neuen Standort in Dekane mit besseren Arbeitsbedingungen f\u00fcr die Angestellten. Im Jahr 2018 investiert das Unternehmen in gr\u00f6\u00dfere Lagerr\u00e4ume, um alten und neuen Kunden schnellere und hochwertigere Dienstleistungen anbieten zu k\u00f6nnen.<\/p>\n<p>\n<\/div><div class=\"kc-elm kc-css-17607 kc_text_block year\"><\/p>\n<p>2014-2018<\/p>\n<p>\n<\/div><\/div><\/div><\/div><\/div><\/section><section id=\"history\" class=\"kc-elm kc-css-1266 kc_row\"><div class=\" container\"><div class=\"row\"><div class=\"kc-elm kc-css-601538 column col-md-7\"><div class=\"kc-col-container\"><div class=\"kc-elm kc-css-222914 kc_text_block\"><\/p>\n<p>2019 beginnt das Unternehmen mit dem Programm \u201e\u00dcbertragung der Nachfolge\u201c, womit es die Zukunftspl\u00e4ne noch konkreter festlegt. Ab 2020 erh\u00e4lt das Unternehmen die wichtigen Zertifikate ISO 9001 und ISO 14001. 2021 wird zus\u00e4tzlich in neue Fl\u00e4chen f\u00fcr die Entwicklung und Expansion investiert.<\/p>\n<p>\n<\/div><div class=\"kc-elm kc-css-908026 kc_text_block year\"><\/p>\n<p>2019-2022<\/p>\n<p>\n<\/div><\/div><\/div><\/div><\/div><\/section><\/p>\n","protected":false},"excerpt":{"rendered":"<p>Die Anf\u00e4nge von Lipro reichen bis ins Jahr 1998 zur\u00fcck, als Albert und Barbara Pribac die Gesch\u00e4ftst\u00e4tigkeit in der Familienwerkstatt in Koper aufnehmen &#8230;<\/p>\n","protected":false},"author":3,"featured_media":6254,"parent":7512,"menu_order":0,"comment_status":"closed","ping_status":"closed","template":"page-templates\/fullwidthpage-main.php","meta":{"_acf_changed":false,"footnotes":""},"class_list":["post-6496","page","type-page","status-publish","has-post-thumbnail","hentry"],"acf":[],"_links":{"self":[{"href":"https:\/\/lipro.pro\/de\/wp-json\/wp\/v2\/pages\/6496","targetHints":{"allow":["GET"]}}],"collection":[{"href":"https:\/\/lipro.pro\/de\/wp-json\/wp\/v2\/pages"}],"about":[{"href":"https:\/\/lipro.pro\/de\/wp-json\/wp\/v2\/types\/page"}],"author":[{"embeddable":true,"href":"https:\/\/lipro.pro\/de\/wp-json\/wp\/v2\/users\/3"}],"replies":[{"embeddable":true,"href":"https:\/\/lipro.pro\/de\/wp-json\/wp\/v2\/comments?post=6496"}],"version-history":[{"count":0,"href":"https:\/\/lipro.pro\/de\/wp-json\/wp\/v2\/pages\/6496\/revisions"}],"up":[{"embeddable":true,"href":"https:\/\/lipro.pro\/de\/wp-json\/wp\/v2\/pages\/7512"}],"wp:featuredmedia":[{"embeddable":true,"href":"https:\/\/lipro.pro\/de\/wp-json\/wp\/v2\/media\/6254"}],"wp:attachment":[{"href":"https:\/\/lipro.pro\/de\/wp-json\/wp\/v2\/media?parent=6496"}],"curies":[{"name":"wp","href":"https:\/\/api.w.org\/{rel}","templated":true}]}}